{"id":15,"date":"2013-07-03T17:08:14","date_gmt":"2013-07-03T15:08:14","guid":{"rendered":"http:\/\/mecpro.mv.uni-kl.de\/wordpress\/?page_id=15"},"modified":"2016-11-16T18:34:26","modified_gmt":"2016-11-16T16:34:26","slug":"forschungsziele","status":"publish","type":"page","link":"https:\/\/www.mecpro.de\/?page_id=15","title":{"rendered":"Forschungsziele"},"content":{"rendered":"<h3>F\u00f6rderma\u00dfnahme:<\/h3>\n<p>Bundesministerium f\u00fcr Bildung und Forschung (<a title=\"Bundesministerium f\u00fcr Bildung und Forschung\" href=\"http:\/\/www.bmbf.de\/\" target=\"_blank\">BMBF<\/a>): 32. Bekanntmachung <a title=\"32. Benkanntmachung\" href=\"http:\/\/www.produktionsforschung.de\/national\/archiv\/UCM01_000913\" target=\"_blank\">\u201eIntelligente Vernetzung in der Produktion &#8211; Ein Beitrag zum Zukunftsprojekt ,Industrie 4.0&#8217;\u201c<\/a><\/p>\n<h3>Projektlaufzeit:<\/h3>\n<p>01. November 2013 &#8211; 31. Dezember\u00a02016 (3 Jahre, 2 \u00a0Monate)<\/p>\n<h3>Projektergebnisse:<\/h3>\n<ul>\n<li><a href=\"https:\/\/www.mecpro.de\/?page_id=435\">Arbeitspakete<\/a><\/li>\n<li><a href=\"https:\/\/www.mecpro.de\/?page_id=632\">Webinare<\/a><\/li>\n<li><a href=\"https:\/\/www.mecpro.de\/?page_id=555\">Ergebniskonferenz<\/a><\/li>\n<\/ul>\n<h3><strong>Motivation:<\/strong><\/h3>\n<p>Das Ziel des Verbundprojekts ist eine Effizienzsteigerung in Entwicklungsprojekten von cybertronischen Systemen. Im Fokus des Projekts steht die Integration von Informationen und Daten aus allen beteiligten Entwicklungsdisziplinen.<\/p>\n<p>Die Techniken des Model-based Systems Engineering (MBSE) werden f\u00fcr eine disziplinen- und phasen\u00fcbergreifende Beschreibung der cybertronischen Systeme eingesetzt. Die Zusammenarbeit innerhalb des Entwicklungsprozesses wird durch die Integration in das Product Lifecycle Management (PLM) erm\u00f6glicht.<\/p>\n<p>Die Betrachtung des physikalischen Grundsystems ist sowohl f\u00fcr die Entwicklung von Produkten als auch von Produktionssystemen, unabdinglich. Daher pr\u00e4gt das Projekt mecPro\u00b2 die Begriffsbildung der cybertronischen Systeme, welche die konsequente Weiterentwicklung von mechatronischen Systemen im Kontext ihrer allgegenw\u00e4rtigen Vernetzung in den Mittelpunkt stellt. Ein integrierter Entwicklungsprozess von cybertronischen Produkten und Produktionssystemen erm\u00f6glicht eine kooperative Entwicklung von Produkt, Produktion und zugeh\u00f6rigem Produktionssystem.<\/p>\n<p>Das Projekt verfolgt einen Use-Case-orientierten Ansatz: Anhand von Anwendungsbeispielen werden Anforderungen an die Entwicklung cybertronischer Produkte und Produktionssysteme analysiert und ein Referenzentwicklungsprozess erstellt. Dies schlie\u00dft die Betrachtung des Einsatzes von Modellen und zugeh\u00f6rigen IT-Werkzeugen zur Beschreibung dieser cybertronischen Systeme ein. Darauf aufbauend wird ein Konzept zur Modellverwaltung entwickelt, welches in die Spezifikation eines Datenmodells m\u00fcndet. Begleitend wird eine Validierung des Ansatzes durch die Implementierung von Software-Demonstratoren durchgef\u00fchrt, die sich auf kommerziell verwendete PLM-Software st\u00fctzt.<\/p>\n<p>Mit diesen Ergebnissen soll es m\u00f6glich werden viele der\u00a0Anforderungen im Umgang und der Umsetzung (siehe <a title=\"Umsetzungsempfehlungen f\u00fcr das Zukunftsprojekt Industrie 4.0\" href=\"http:\/\/www.bmbf.de\/pubRD\/Umsetzungsempfehlungen_Industrie4_0.pdf\" target=\"_blank\">Umsetzungsempfehlung f\u00fcr das Zukunftsprojekt Industrie 4.0<\/a>) des Zukunftsprojekts Industrie 4.0 (siehe auch\u00a0<a title=\"Plattform Industrie 4.0\" href=\"http:\/\/www.plattform-i40.de\/\" target=\"_blank\">Plattform Industrie 4.0<\/a>) zu erf\u00fcllen.<\/p>\n<p><strong>Projektverlauf<\/strong><\/p>\n<p>Im ersten Arbeitspaket (AP1) werden die theoretischen Grundlagen sowie der Stand der Technik im Bereich der modellbasierten Entwicklung mechatronischer Systeme erarbeitet. Das zweite Arbeitspaket (AP2) bildet die Basis f\u00fcr die zuk\u00fcnftigen Arbeitspakete, indem es vorhandene Entwicklungsprozesse bei den Anwendungspartnern analysiert, um Vorgehensmodelle aus der wissenschaftlichen und praxisnahen Literatur erweitert, einen ersten Referenzentwicklungs\u00adprozess und einen vorl\u00e4ufigen Vorschlag zur Beschreibung von cybertronischen Elementen und Systemen auf interdisziplin\u00e4rer Ebene definiert, sowie Konzepte zur Modellverwaltung ermittelt. Die folgenden Arbeitspakete befassen sich mit den konkreten Anwendungsszenarien:<\/p>\n<ul>\n<li>AP3: Modellbasierte Entwicklung eines Cybertronischen Produkts.<\/li>\n<li>AP4: Modellbasierte Entwicklung eines Cybertronischen Produktionssystems.<\/li>\n<li>AP5: Modellbasierte Informations\u00fcbergabe zwischen Produktentwicklung und Produktionssystementwicklung.<\/li>\n<\/ul>\n<p>Im (AP6) werden die erarbeiteten Ergebnisse in ein gemeinsames Daten- und Prozessmodell \u00fcberf\u00fchrt. Das siebte Arbeitspaket (AP7) erarbeitet einen Demonstrator, der den Nutzbarkeit in einer beispielhaften Entwicklungsumgebung nachweisen soll. Hierzu werden Daten- und Prozessmodell in PLM-L\u00f6sungen integriert sowie disziplinspezifische Autorentools angepasst, und um MBSE-Funktionalit\u00e4ten erweitert.<\/p>\n","protected":false},"excerpt":{"rendered":"<p>F\u00f6rderma\u00dfnahme: Bundesministerium f\u00fcr Bildung und Forschung (BMBF): 32. Bekanntmachung \u201eIntelligente Vernetzung in der Produktion &#8211; Ein Beitrag zum Zukunftsprojekt ,Industrie 4.0&#8217;\u201c Projektlaufzeit: 01. November 2013 &#8211; 31. Dezember\u00a02016 (3 Jahre, 2 \u00a0Monate) Projektergebnisse: Arbeitspakete Webinare Ergebniskonferenz Motivation: Das Ziel des Verbundprojekts ist eine Effizienzsteigerung in Entwicklungsprojekten von cybertronischen Systemen. Im Fokus des Projekts steht die [&hellip;]<\/p>\n","protected":false},"author":3,"featured_media":39,"parent":0,"menu_order":1,"comment_status":"closed","ping_status":"closed","template":"","meta":[],"_links":{"self":[{"href":"https:\/\/www.mecpro.de\/index.php?rest_route=\/wp\/v2\/pages\/15"}],"collection":[{"href":"https:\/\/www.mecpro.de\/index.php?rest_route=\/wp\/v2\/pages"}],"about":[{"href":"https:\/\/www.mecpro.de\/index.php?rest_route=\/wp\/v2\/types\/page"}],"author":[{"embeddable":true,"href":"https:\/\/www.mecpro.de\/index.php?rest_route=\/wp\/v2\/users\/3"}],"replies":[{"embeddable":true,"href":"https:\/\/www.mecpro.de\/index.php?rest_route=%2Fwp%2Fv2%2Fcomments&post=15"}],"version-history":[{"count":21,"href":"https:\/\/www.mecpro.de\/index.php?rest_route=\/wp\/v2\/pages\/15\/revisions"}],"predecessor-version":[{"id":840,"href":"https:\/\/www.mecpro.de\/index.php?rest_route=\/wp\/v2\/pages\/15\/revisions\/840"}],"wp:featuredmedia":[{"embeddable":true,"href":"https:\/\/www.mecpro.de\/index.php?rest_route=\/wp\/v2\/media\/39"}],"wp:attachment":[{"href":"https:\/\/www.mecpro.de\/index.php?rest_route=%2Fwp%2Fv2%2Fmedia&parent=15"}],"curies":[{"name":"wp","href":"https:\/\/api.w.org\/{rel}","templated":true}]}}