{"id":18,"date":"2013-07-03T17:08:29","date_gmt":"2013-07-03T15:08:29","guid":{"rendered":"http:\/\/mecpro.mv.uni-kl.de\/wordpress\/?page_id=18"},"modified":"2017-07-11T16:48:33","modified_gmt":"2017-07-11T14:48:33","slug":"veroffentlichungen","status":"publish","type":"page","link":"https:\/\/www.mecpro.de\/?page_id=18","title":{"rendered":"Ver\u00f6ffentlichungen"},"content":{"rendered":"<h4><span style=\"text-decoration: underline; color: #000000;\">B\u00fccher<a href=\"https:\/\/www.mecpro.de\/wp-content\/uploads\/2015\/09\/978-3-662-55124-0.jpg\"><img loading=\"lazy\" class=\"alignright size-full wp-image-992\" src=\"https:\/\/www.mecpro.de\/wp-content\/uploads\/2015\/09\/978-3-662-55124-0.jpg\" alt=\"\" width=\"153\" height=\"218\" \/><\/a><\/span><\/h4>\n<h5>\u00a0<span style=\"color: #000000; font-family: inherit; font-size: 14px; line-height: 14px;\">2017<\/span><\/h5>\n<ul>\n<li><strong>Modellbasierter Entwicklungsprozess cybertronischer Systeme \u2013 Der PLM-unterst\u00fctzte Entwicklungsprozess f\u00fcr Produkte und Produktionssysteme<\/strong><br \/>\nEigner M.; Koch, W.; Muggeo, C. (Hrsg.) \u2013\u00a0ISBN: Print:\u00a0<a href=\"https:\/\/www.amazon.de\/dp\/3662551233\/\">978-3-662-55123-3<\/a>, E-Book:\u00a0<a href=\"https:\/\/www.springerprofessional.de\/modellbasierter-entwicklungsprozess-cybertronischer-systeme\/12495516\">978-3-662-55124-0<\/a> <em>(E-Book ab sofort erh\u00e4ltlich, Print ab 24.07.2017)\u00a0<\/em><\/li>\n<\/ul>\n<h4><span style=\"text-decoration: underline; color: #000000;\">Zeitschriftenartikel<\/span><\/h4>\n<h5>\u00a0<span style=\"color: #000000; font-family: inherit; font-size: 14px; line-height: 14px;\">2017<\/span><\/h5>\n<ul>\n<li><strong>Maschinenmarkt berichtet \u00fcber die Ergebniskonferenz<\/strong><br \/>\nEntwicklung cybertronischer Produkte &#8211; Neue Wege in der Produktentwicklung\u00a0[<a href=\"http:\/\/www.maschinenmarkt.vogel.de\/neue-wege-in-der-produktentwicklung-a-616853\/\">&gt;maschinenmarkt.vogel.de<\/a>]<a href=\"http:\/\/www.digital-engineering-magazin.de\/interview-einfluss-der-industrie-40-auf-die-produktentwicklung\" target=\"_blank\" rel=\"noopener noreferrer\"><img loading=\"lazy\" src=\"http:\/\/www.mecpro.de\/wp-content\/uploads\/2013\/11\/DE.gif\" alt=\"\" width=\"24\" height=\"15\" \/><\/a><\/li>\n<li><strong>K|E|M Konstruktion &#8211;\u00a0Sonderausgabe Systems Engineering 01 2017<\/strong><br \/>\nErgebnisse des BMBF-Verbundprojekts mecPro\u00b2 &#8211; Zukunft der Entwicklung ist modellbasiert\u00a0 [<a href=\"https:\/\/www.contact-software.com\/fileadmin\/user_upload\/de\/Nachrichten\/de\/2017\/pdf\/2017_kem_2017_Sonderausgabe_SE.PDF\">&gt;contact-software.com<\/a>]<a href=\"http:\/\/www.digital-engineering-magazin.de\/interview-einfluss-der-industrie-40-auf-die-produktentwicklung\" target=\"_blank\" rel=\"noopener noreferrer\"><img loading=\"lazy\" src=\"http:\/\/www.mecpro.de\/wp-content\/uploads\/2013\/11\/DE.gif\" alt=\"\" width=\"24\" height=\"15\" \/><\/a><\/li>\n<\/ul>\n<h5>\u00a0<span style=\"color: #000000; font-family: inherit; font-size: 14px; line-height: 14px;\">2015<\/span><\/h5>\n<ul>\n<li><strong>ZWF Zeitschrift f\u00fcr wirtschaftlichen Fabrikbetrieb Ausgabe 110<\/strong><br \/>\nC. Aurich, C. Steimer, H. Meissner, C. Schindler, M. Cadet, J. Fischer: Entwicklungsprozess f\u00fcr cybertronische Produktionssysteme &#8211; Modularer Prozess zur integrierten Entwicklung cybertronischer Produkte und Produktionssysteme. ZWF &#8211; Zeitschrift f\u00fcr wirtschaftlichen Fabrikbetrieb 110\/7-8 (2015): S. 466-469.<\/li>\n<\/ul>\n<ul>\n<li><strong>wt Werkstatttechnik online Ausgabe 105<\/strong><br \/>\nC. Aurich, C. Steimer, H. Meissner, N. Menck: Einfluss von Industrie 4.0 auf die Fabrikplanung. wt Werkstatttechnik online 105\/4 (2015): S. 190-194.<\/li>\n<\/ul>\n<ul>\n<li><strong>Digital Engineering Magazin<br \/>\n<\/strong>Interview mit Dr.-Ing. Walter Koch (Schaeffler AG) und Dr.-Ing. Patrick M\u00fcller (Contact Software GmbH) zum Thema &#8222;Einfluss der Industrie 4.0 auf die Produktentwicklung&#8220; [&gt;<a href=\"http:\/\/www.digital-engineering-magazin.de\/interview-einfluss-der-industrie-40-auf-die-produktentwicklung\" target=\"_blank\" rel=\"noopener noreferrer\">digital-engineering-magazin.de<\/a>]<a href=\"http:\/\/www.digital-engineering-magazin.de\/interview-einfluss-der-industrie-40-auf-die-produktentwicklung\" target=\"_blank\" rel=\"noopener noreferrer\"><img loading=\"lazy\" src=\"http:\/\/www.mecpro.de\/wp-content\/uploads\/2013\/11\/DE.gif\" alt=\"\" width=\"24\" height=\"15\" \/><\/a>\u00a0<a href=\"https:\/\/www.contact-software.com\/en\/news\/industry-40-new-business-models-bring-success.html\" target=\"_blank\" rel=\"noopener noreferrer\"><img loading=\"lazy\" class=\"alignnone\" src=\"http:\/\/www.mecpro.de\/wp-content\/uploads\/2013\/11\/EN.gif\" alt=\"\" width=\"24\" height=\"15\" \/><\/a><\/li>\n<\/ul>\n<ul>\n<li><strong>Newsletter Wissenschaftliche Gesellschaft f\u00fcr Produktentwicklung\u00a0 WiGeP Ausgabe 1\/2015<\/strong><br \/>\nSchindler, C.; Cadet, M.; Eigner, M.; Muggeo, C.: BMBF Verbundprojekt mecPro\u00b2 &#8211; Modellbasierter Entwicklungsprozess cybertronischer Produkte und Produktionssysteme, In: Newsletter Wissenschaftliche Gesellschaft f\u00fcr Produktentwicklung\u00a0 WiGeP, Ausgabe 1\/2015, S. 15-16, ISSN 1613-5504<\/li>\n<\/ul>\n<h4><span style=\"color: #000000; font-family: inherit; font-size: 14px; line-height: 14px;\">2014<\/span><\/h4>\n<ul>\n<li><strong>ZWF Zeitschrift f\u00fcr wirtschaftlichen Fabrikbetrieb Ausgabe 109 (S.70 ff.)<br \/>\n<\/strong>Aurich, J.C.; Meissner, H.: Entwicklung cybertronischer Produktionssysteme. ZWF Zeitschrift f\u00fcr wirtschaftlichen Fabrikbetrieb Ausgabe 109 (2014) 1-2: S. 70-73.<\/li>\n<\/ul>\n<h4><span style=\"color: #000000; font-family: inherit; font-size: 14px; line-height: 14px;\">2013<\/span><\/h4>\n<ul>\n<li><strong>c\u00b4t Ausgabe 26\/2013 (S.82 ff.)<br \/>\n<\/strong><span style=\"color: #000000;\">Nur einen Monat nach Projektstart wird das Projekt mecPro\u00b2 Im Industrie 4.0 Artikel &#8222;Losgr\u00f6\u00dfe 1&#8220; unter den aktuellen Forschungsbem\u00fchungen genannt. Siehe auch [<\/span>&gt;<a title=\"Online-Artikel zum Printmedium\" href=\"http:\/\/www.heise.de\/newsticker\/meldung\/Industrie-4-0-Grosse-Koalition-will-Digitalisierung-klassischer-Industrien-vorantreiben-2057936.html\" target=\"_blank\" rel=\"noopener noreferrer\">heise.de<\/a>\u00a0]\u00a0<a href=\"http:\/\/www.heise.de\/newsticker\/meldung\/Industrie-4-0-Grosse-Koalition-will-Digitalisierung-klassischer-Industrien-vorantreiben-2057936.html\" target=\"_blank\" rel=\"noopener noreferrer\"><img loading=\"lazy\" src=\"http:\/\/www.mecpro.de\/wp-content\/uploads\/2013\/11\/DE.gif\" alt=\"\" width=\"24\" height=\"15\" \/><\/a><\/li>\n<\/ul>\n<ul>\n<li><strong>PLM IT Report 3\/2013<br \/>\n<\/strong><span style=\"color: #000000;\">Das Projekt mecPro\u00b2 im Teil 6 der Serie &#8222;Systems Engineering&#8220; (Autor: Michael Wendenburg)<\/span> [&gt;<a href=\"http:\/\/www.contact-software.com\/fileadmin\/user_upload\/de\/Nachrichten\/de\/2013\/pdf\/2013_03_PLM_IT_Report_Systems_Engineering_Akzent_Projektmanagement_de.pdf\" target=\"_blank\" rel=\"noopener noreferrer\">contact-software.com] \u00a0<img loading=\"lazy\" src=\"http:\/\/www.mecpro.de\/wp-content\/uploads\/2013\/11\/DE.gif\" alt=\"\" width=\"24\" height=\"15\" \/><\/a>\u00a0 <a href=\"http:\/\/www.contact-software.com\/fileadmin\/user_upload\/de\/Nachrichten\/en\/2013\/pdf\/PLM_IT_Report_03_2013_ENG.pdf\" target=\"_blank\" rel=\"noopener noreferrer\"><img loading=\"lazy\" src=\"http:\/\/www.mecpro.de\/wp-content\/uploads\/2013\/11\/EN.gif\" alt=\"\" width=\"24\" height=\"15\" \/><\/a><\/li>\n<\/ul>\n<h4>Webinare<\/h4>\n<h5>\u00a02016<\/h5>\n<ul>\n<li><strong>mecPro\u00b2 Webinarreihe<br \/>\n<\/strong>Informationen zur Webinarreihe erhalten Sie <a href=\"https:\/\/www.mecpro.de\/?page_id=632\">hier<\/a>.<\/li>\n<\/ul>\n<h4><span style=\"text-decoration: underline; color: #000000;\">Paper und Konferenzen<\/span><\/h4>\n<h5>2017<\/h5>\n<ul>\n<li><strong>Stuttgarter Symposium f\u00fcr Produktentwicklung 2017, Stuttgart<br \/>\n<\/strong>Cadet, M.; Schulte, T.; Dickopf, T.; Stephan, N.; Eigner, M.: Modellbasierte Entwicklung cybertronischer Systeme in der fr\u00fchen Phase des Entwicklungsprozesses \u2013 Ein Vergleich mit der klassischen Produktentwicklung. In: Binz, H.; Bertsche, B.; Bauer, W. et al. (Hrsg): Stuttgarter Symposium f\u00fcr Produktentwicklung SSP 2017. 1. Auflage, Stuttgart: Fraunhofer IAO, o.S., 2017.<strong><br \/>\n<\/strong><\/li>\n<\/ul>\n<h5><span style=\"color: #000000;\">2016<\/span><\/h5>\n<ul>\n<li><strong>Ergebniskonferenz mecPro\u00b2,\u00a0Herzogenaurach<br \/>\n<\/strong>Informationen zur Ergebniskonferenz erhalten Sie <a href=\"https:\/\/www.mecpro.de\/?page_id=555\">hier<\/a>.<\/li>\n<\/ul>\n<ul>\n<li><strong>Tag des Systems Engineering 2016,\u00a0Herzogenaurach<\/strong>\n<ul>\n<li>Schulte, T.; Schneider, M.; Judaschke, U.; Batz, D.: \u201eSystemmodelle verwalten mit ConfigML &#8211; Motive, Grundlagen und erste Konzepte einer Sprache f\u00fcr das modellbasierte Konfigurationsmanagement\u201c, in: Schulze, S. et al. (Hrsg.): Tag des Systems Engineering, Hanser Verlag, M\u00fcnchen 2016, S. 323-332. \u2013 ISBN: 978-3-446-45126-1.<\/li>\n<li>M\u00fcller, P.; Kirsch, L.; Eigner, M.; Muggeo, C.: \u201eSysML-Modellverwaltung im PDM\/PLM Umfeld\u201c, in: Schulze, S. et al. (Hrsg.): Tag des Systems Engineering, Hanser Verlag, M\u00fcnchen 2016, S. 333-342. \u2013 ISBN: 978-3-446-45126-1.<\/li>\n<li>Steimer, C.; Fischer, J.; Cadet, M.; Meissner, H.; Aurich, J.C.; Stephan, N.: \u201eSysML-basierte Planung cybertronischer Produktionssysteme in fr\u00fchen Entwicklungsphasen\u201c, in: Schulze, S. et al. (Hrsg.): Tag des Systems Engineering, Hanser Verlag, M\u00fcnchen 2016, S. 365-374. \u2013 ISBN: 978-3-446-45126-1.<\/li>\n<li>Schulte, T.; Schneider, M.; Dickopf, T.; Mayerhofer, L.: \u201eWeiterentwicklung des integrierten Konzepts aus Prozessrahmenwerk und Beschreibungssystematik von mecPro\u00b2 um ein modellbasiertes Variantenmanagement\u201c, in: Schulze, S. et al. (Hrsg.): Tag des Systems Engineering, Hanser Verlag, M\u00fcnchen 2016, S. 259-268. \u2013 ISBN: 978-3-446-45126-1.<\/li>\n<\/ul>\n<\/li>\n<\/ul>\n<ul>\n<li><strong>49th CIRP Conference on Manufacturing Systems 2016, Stuttgart<br \/>\n<\/strong>Steimer, M. Cadet, J.C. Aurich, N. Stephan: Approach for an integrated planning of manufacturing systems based on early phases of product development. Procedia CIRP 57 &#8211; Proceedings of the 49th CIRP Conference on Manufacturing Systems (2016): S. 467-472.<\/li>\n<\/ul>\n<ul>\n<li><strong>26th CIRP Design Conference 2016, Stockholm<br \/>\n<\/strong>Steimer, J.C. Aurich: Analysis of information interdependencies between product development and manufacturing system planning in early design phases. Procedia CIRP 50 &#8211; Proceedings of the 26th CIRP Design Conference (2016): S. 460\u2013465.<\/li>\n<\/ul>\n<h5><span style=\"color: #000000;\">2015<\/span><\/h5>\n<ul>\n<li><strong>Stuttgarter Symposium f\u00fcr Produktentwicklung 2015, Stuttgart<\/strong><br \/>\nCadet, M.; Meissner, H.; Hornberg, O.; Schulte, T.; Stephan, N.; Schindler, C.; Aurich, J.: Modellbasierter Entwicklungsprozess cybertronischer Produkte und Produktionssysteme &#8211; Grundlagen, erste Ans\u00e4tze und weiteres Vorgehen, In: Binz, H.; Bertsche, B.; Bauer, W.; Roth, D. (Hrsg.): Beitr\u00e4ge zum Stuttgarter Symposium f\u00fcr Produktentwicklung (SSP2015), Fraunhofer IAO Stuttgart (2015), ISSN 2364-4885<\/li>\n<\/ul>\n<ul>\n<li><strong>WGP Congress 2015<br \/>\n<\/strong>Weidig, C. Steimer, J.C. Aurich: Process planning and decentralized process control for cybertronic production systems. Applied Mechanics and Materials 794 &#8211; Proceedings of the WGP Congress 2015 &#8211; Progress in Production Engineering (2015): S.486-493.<\/li>\n<\/ul>\n<ul>\n<li><strong>Tag des Systems Engineering 2015, Ulm<br \/>\n<\/strong>Eigner, M.; Dickkopf, T.*; Schulte, T.; Schneider, M.: \u201emecPro\u00b2 &#8211; Entwurf einer Beschreibungssystematik zur Entwicklung cybertronischer Systeme mit SysML\u201c, in: Schulze, S.; Muggeo, C. (Hrsg.): Tag des Systems Engineering, Hanser Verlag, M\u00fcnchen 2015, S. 163-172. \u2013 ISBN: 978-3-446-44729-5.<\/li>\n<\/ul>\n<ul>\n<li><strong>ProSTEP iVip Symposium 2015,\u00a0Stuttgart<br \/>\n<\/strong>Prof. Dr.-Ing. Martin Eigner (<em>TU Kaiserslautern<\/em>), Dr.-Ing. Oliver Hornberg (Unity AG) und Dr.-Ing. Marcus Krastel (:em AG): Workshop zum Thema\u00a0&#8222;mecPro\u00b2 &#8211; Modellbasierter Entwicklungsprozess cybertronischer Produkte und Produktionssysteme&#8220;<\/li>\n<\/ul>\n<h5><span style=\"color: #000000;\">2014<\/span><\/h5>\n<ul>\n<li><strong>WGP Congress 2014<br \/>\n<\/strong>Meissner, H.; Cadet, M.; Stephan, N.; Bohr, C.: Model-Based Development Process of Cybertronic Products and Production Systems. Advanced Materials Research Vol. 1018 \u2013 Proceedings of the WGP Congress 2014 \u2013 Progress in Production Engineering, (2014): S. 539-546.<\/li>\n<\/ul>\n<ul>\n<li><strong>58th Ilmenau Scientific Colloquium, Ilmenau<br \/>\n<\/strong>Prof. Dr.-Ing. Martin Eigner, Thomas Dickopf, Karl-Gerhard Faisst, <span style=\"text-decoration: underline;\">Christian Muggeo<\/span> (TU Kaiserslautern): An Approach for a Model Based Development Process of Cybertronic Systems<\/li>\n<\/ul>\n<ul>\n<li><strong>ProSTEP iVip Symposium 2014, Berlin<\/strong>\n<ul>\n<li>Prof. Dr.-Ing. Martin Eigner (<em>TU Kaiserslautern<\/em>):\u00a0Versionierung und Konfigurationmanagement\u00a0von MBSE Objekten in einer\u00a0<acronym title=\"Team Data Management\">TDM<\/acronym>\/PLM Architektur<\/li>\n<li>Dr.-Ing. Marcus Krastel (<em>:em AG<\/em>), J\u00fcrgen Rambo (<em>Daimler AG<\/em>):\u00a0Methoden und Prozesse zur Unterst\u00fctzung eines f\u00f6derativen Systems Engineering Ansatzes<\/li>\n<li>Prof. Dr.-Ing. Martin Eigner (<em>TU Kaiserslautern<\/em>), Andrea Denger (<em>Virtual Vehicle Research Center<\/em>) : Workshop zum Thema\u00a0Model-Based System Lifecycle Management for Cybertronic Products and Systems<\/li>\n<\/ul>\n<\/li>\n<\/ul>\n<p>&nbsp;<\/p>\n<h4><span style=\"text-decoration: underline; color: #000000;\">Messeteilnahmen<\/span><\/h4>\n<h5><span style=\"color: #000000;\">2016<\/span><\/h5>\n<ul>\n<li><strong>Tag des Systems Engineering 2016,\u00a0Herzogenaurach<br \/>\n<\/strong>Das Forschungsprojekt beteiligt sich mit einem Informationsstand auf dem TdSE 2016 [&gt;<a href=\"http:\/\/tdse.org\/tdse-2014.html\" target=\"_blank\" rel=\"noopener noreferrer\">tdse.org<\/a>\u00a0<a href=\"http:\/\/tdse.org\/tdse-2014.html\" target=\"_blank\" rel=\"noopener noreferrer\"><img loading=\"lazy\" class=\"\" src=\"http:\/\/www.mecpro.de\/wp-content\/uploads\/2013\/11\/DE.gif\" alt=\"\" width=\"24\" height=\"15\" \/><\/a>]<\/li>\n<\/ul>\n<ul>\n<li><strong>Hannover Messe 2016<br \/>\n<\/strong>Das\u00a0BMBF-Projekt mecPro\u00b2 war\u00a0am Wissenschaftsstand des Landes Rheinland-Pfalz (Hallo 2, Stand B40) vertreten.<\/li>\n<\/ul>\n<h5><span style=\"color: #000000;\">2015<\/span><\/h5>\n<ul>\n<li><strong>Tag des Systems Engineering 2015, Ulm<br \/>\n<\/strong>Das Forschungsprojekt beteiligt sich mit einem Informationsstand auf dem TdSE 2015\u00a0[&gt;<a href=\"http:\/\/tdse.org\/tdse-2014.html\" target=\"_blank\" rel=\"noopener noreferrer\">tdse.org<\/a>\u00a0<a href=\"http:\/\/tdse.org\/tdse-2014.html\" target=\"_blank\" rel=\"noopener noreferrer\"><img loading=\"lazy\" class=\"\" src=\"http:\/\/www.mecpro.de\/wp-content\/uploads\/2013\/11\/DE.gif\" alt=\"\" width=\"24\" height=\"15\" \/><\/a>]<\/li>\n<\/ul>\n<ul>\n<li><strong>Hannover Messe 2015<br \/>\n<\/strong>Das\u00a0BMBF-Projekt mecPro\u00b2 war\u00a0am Wissenschaftsstand des Landes Rheinland-Pfalz (Hallo 2, Stand B40) vertreten [&gt;<a href=\"http:\/\/www.hannovermesse.de\/produkt\/bmbf-verbundprojekt-mecpro\/602977\/F268509\" target=\"_blank\" rel=\"noopener noreferrer\">hannover-messe.de<\/a>\u00a0<a href=\"http:\/\/www.hannovermesse.de\/produkt\/bmbf-verbundprojekt-mecpro\/602977\/F268509\" target=\"_blank\" rel=\"noopener noreferrer\"><img loading=\"lazy\" src=\"http:\/\/www.mecpro.de\/wp-content\/uploads\/2013\/11\/DE.gif\" alt=\"\" width=\"24\" height=\"15\" \/><\/a>\u00a0<a href=\"http:\/\/www.hannovermesse.de\/product\/bmbf-verbundprojekt-mecpro\/602977\/F268509\" target=\"_blank\" rel=\"noopener noreferrer\"><img loading=\"lazy\" src=\"http:\/\/www.mecpro.de\/wp-content\/uploads\/2013\/11\/EN.gif\" alt=\"\" width=\"24\" height=\"15\" \/><\/a>].<\/li>\n<\/ul>\n<h5><span style=\"color: #000000;\">2014<\/span><\/h5>\n<ul>\n<li><strong>Tag des Systems Engineering 2014, Bremen<br \/>\n<\/strong>Das\u00a0BMBF-Projekt mecPro\u00b2 ist mit einem Stand am TdSE2014 in Bremen vertreten [&gt;<a href=\"http:\/\/tdse.org\/tdse-2014.html\" target=\"_blank\" rel=\"noopener noreferrer\">tdse.org<\/a>\u00a0<a href=\"http:\/\/tdse.org\/tdse-2014.html\" target=\"_blank\" rel=\"noopener noreferrer\"><img loading=\"lazy\" class=\"\" src=\"http:\/\/www.mecpro.de\/wp-content\/uploads\/2013\/11\/DE.gif\" alt=\"\" width=\"24\" height=\"15\" \/><\/a>]<\/li>\n<\/ul>\n<ul>\n<li><strong>Hannover Messe 2014<br \/>\n<\/strong>Siemens AG und Siemens Industry Software GmbH repr\u00e4sentieren das BMBF-Projekt mecPro\u00b2<\/li>\n<\/ul>\n<h5><span style=\"color: #000000;\">2013<\/span><\/h5>\n<ul>\n<li><strong>Hannover Messe 2013<br \/>\n<\/strong><span style=\"color: #000000;\">Dr. Wolfgang Heuring, Head of Research and Technology Center, Siemens AG:\u00a0Industrie 4.0 \u2013\u00a0The path from research to practice<\/span> [&gt;<a href=\"http:\/\/files.messe.de\/abstracts\/51553_091300_Heuring_Siemens.pdf\" target=\"_blank\" rel=\"noopener noreferrer\">messe.de <img loading=\"lazy\" src=\"http:\/\/www.mecpro.de\/wp-content\/uploads\/2013\/11\/EN.gif\" alt=\"\" width=\"24\" height=\"15\" \/><\/a>]<\/li>\n<\/ul>\n<p>&nbsp;<\/p>\n<h4>Radio und TV<\/h4>\n<h5>2014<\/h5>\n<ul>\n<li><strong>SWR1: Prof. Dr.-Ing. Martin Eigner im Interview<br \/>\n<\/strong>Herr Prof. Eigner wird in der SWR1 Sendung &#8222;Thema heute&#8220; zum Thema Industrie 4.0 interviewt. [<a title=\"SWR1 Interview\" href=\"http:\/\/swrmediathek.de\/player.htm?show=60d828e0-9e53-11e3-9fcb-0026b975f2e6\" target=\"_blank\" rel=\"noopener noreferrer\">&gt;SWR1<\/a>]<\/li>\n<\/ul>\n","protected":false},"excerpt":{"rendered":"<p>B\u00fccher \u00a02017 Modellbasierter Entwicklungsprozess cybertronischer Systeme \u2013 Der PLM-unterst\u00fctzte Entwicklungsprozess f\u00fcr Produkte und Produktionssysteme Eigner M.; Koch, W.; Muggeo, C. (Hrsg.) \u2013\u00a0ISBN: Print:\u00a0978-3-662-55123-3, E-Book:\u00a0978-3-662-55124-0 (E-Book ab sofort erh\u00e4ltlich, Print ab 24.07.2017)\u00a0 Zeitschriftenartikel \u00a02017 Maschinenmarkt berichtet \u00fcber die Ergebniskonferenz Entwicklung cybertronischer Produkte &#8211; Neue Wege in der Produktentwicklung\u00a0[&gt;maschinenmarkt.vogel.de] K|E|M Konstruktion &#8211;\u00a0Sonderausgabe Systems Engineering 01 2017 Ergebnisse [&hellip;]<\/p>\n","protected":false},"author":3,"featured_media":172,"parent":0,"menu_order":3,"comment_status":"closed","ping_status":"closed","template":"","meta":[],"_links":{"self":[{"href":"https:\/\/www.mecpro.de\/index.php?rest_route=\/wp\/v2\/pages\/18"}],"collection":[{"href":"https:\/\/www.mecpro.de\/index.php?rest_route=\/wp\/v2\/pages"}],"about":[{"href":"https:\/\/www.mecpro.de\/index.php?rest_route=\/wp\/v2\/types\/page"}],"author":[{"embeddable":true,"href":"https:\/\/www.mecpro.de\/index.php?rest_route=\/wp\/v2\/users\/3"}],"replies":[{"embeddable":true,"href":"https:\/\/www.mecpro.de\/index.php?rest_route=%2Fwp%2Fv2%2Fcomments&post=18"}],"version-history":[{"count":82,"href":"https:\/\/www.mecpro.de\/index.php?rest_route=\/wp\/v2\/pages\/18\/revisions"}],"predecessor-version":[{"id":1008,"href":"https:\/\/www.mecpro.de\/index.php?rest_route=\/wp\/v2\/pages\/18\/revisions\/1008"}],"wp:featuredmedia":[{"embeddable":true,"href":"https:\/\/www.mecpro.de\/index.php?rest_route=\/wp\/v2\/media\/172"}],"wp:attachment":[{"href":"https:\/\/www.mecpro.de\/index.php?rest_route=%2Fwp%2Fv2%2Fmedia&parent=18"}],"curies":[{"name":"wp","href":"https:\/\/api.w.org\/{rel}","templated":true}]}}