{"id":32,"date":"2013-07-03T18:12:13","date_gmt":"2013-07-03T16:12:13","guid":{"rendered":"http:\/\/mecpro.mv.uni-kl.de\/wordpress\/?page_id=32"},"modified":"2014-11-18T11:26:37","modified_gmt":"2014-11-18T09:26:37","slug":"kontakt","status":"publish","type":"page","link":"https:\/\/www.mecpro.de\/?page_id=32","title":{"rendered":"Kontakt"},"content":{"rendered":"<p><a href=\"http:\/\/www.mecpro.de\/wp-content\/uploads\/2013\/07\/koch1_3001.png\"><img loading=\"lazy\" class=\"alignleft wp-image-325\" src=\"http:\/\/www.mecpro.de\/wp-content\/uploads\/2013\/07\/koch1_3001.png\" alt=\"koch1_300\" width=\"182\" height=\"229\" \/><\/a><\/p>\n<p>&nbsp;<\/p>\n<p><strong>Dr.-Ing. Walter Koch<br \/>\n<\/strong>(Konsortialf\u00fchrer)<\/p>\n<p>Schaeffler AG<br \/>\nLeiter Forschungs- und Entwicklungsprozesse<\/p>\n<p>Industriestra\u00dfe 1-3<br \/>\n91074 Herzogenaurach<\/p>\n<p>E-Mail: walter.koch@schaeffler.com<\/p>\n<p>Tel.: +49 (0) 9132 \/ 82 \u2013 5627<br \/>\nFax: +49 (0) 9132 \/ 82 &#8211; 455627<\/p>\n<p>&nbsp;<\/p>\n<p><strong><strong><a href=\"http:\/\/www.mecpro.de\/wp-content\/uploads\/2013\/07\/person_eigner.jpg\"><img loading=\"lazy\" class=\"alignleft\" src=\"http:\/\/www.mecpro.de\/wp-content\/uploads\/2013\/07\/person_eigner.jpg\" alt=\"Prof. Dr.-Ing. Martin Eigner\" width=\"182\" height=\"254\" \/><\/a><\/strong><\/strong><\/p>\n<p>&nbsp;<\/p>\n<p><strong>Prof. Dr.-Ing. Martin Eigner<\/strong><br \/>\n(Fachlicher Ansprechpartner)<\/p>\n<p>Lehrstuhl f\u00fcr Virtuelle Produktentwicklung<br \/>\nTechnische Universit\u00e4t Kaiserslautern<\/p>\n<p><strong><a href=\"http:\/\/www.mecpro.de\/wp-content\/uploads\/2013\/07\/person_eigner.jpg\"><br \/>\n<\/a><\/strong>Erwin-Schr\u00f6dinger-Str. 44<br \/>\n67663 Kaiserslautern<\/p>\n<p>E-Mail: eigner@mv.uni-kl.de<\/p>\n<p>Tel.: 0631 &#8211; 205 3873<br \/>\nFax: 0631 &#8211; 205 3872<\/p>\n<p>&nbsp;<\/p>\n<p><strong><img loading=\"lazy\" class=\"alignleft  wp-image-143\" src=\"http:\/\/www.mecpro.de\/wp-content\/uploads\/2013\/07\/person_christian_muggeo-227x300.jpg\" alt=\"person_christian_muggeo\" width=\"183\" height=\"243\" \/><br \/>\nDipl.-Wirtsch.-Ing. Christian Muggeo<\/strong><br \/>\n(Gesamtprojektkoordination)<\/p>\n<p>Lehrstuhl f\u00fcr Virtuelle Produktentwicklung<br \/>\nTechnische Universit\u00e4t Kaiserslautern<\/p>\n<p>Erwin-Schr\u00f6dinger-Str. 44<br \/>\n67663 Kaiserslautern<\/p>\n<p>E-Mail: muggeo@mv.uni-kl.de<\/p>\n<p>Tel.: 0631 &#8211; 205 3990<br \/>\nFax: 0631 &#8211; 205 3872<\/p>\n<p>&nbsp;<\/p>\n<ul>\n<li>Ebenso haben Sie die M\u00f6glichkeit unserer <a title=\"Xing-Gruppe\" href=\"https:\/\/www.xing.com\/go\/group\/90831.1d78a3\/6216375\" target=\"_blank\">Xing-Gruppe<\/a> beizutreten und dort Kontakt zum Konsortium aufzunehmen und Fragen zu stellen.<\/li>\n<\/ul>\n<p>&nbsp;<\/p>\n","protected":false},"excerpt":{"rendered":"<p>&nbsp; Dr.-Ing. Walter Koch (Konsortialf\u00fchrer) Schaeffler AG Leiter Forschungs- und Entwicklungsprozesse Industriestra\u00dfe 1-3 91074 Herzogenaurach E-Mail: walter.koch@schaeffler.com Tel.: +49 (0) 9132 \/ 82 \u2013 5627 Fax: +49 (0) 9132 \/ 82 &#8211; 455627 &nbsp; &nbsp; Prof. Dr.-Ing. Martin Eigner (Fachlicher Ansprechpartner) Lehrstuhl f\u00fcr Virtuelle Produktentwicklung Technische Universit\u00e4t Kaiserslautern Erwin-Schr\u00f6dinger-Str. 44 67663 Kaiserslautern E-Mail: eigner@mv.uni-kl.de Tel.: [&hellip;]<\/p>\n","protected":false},"author":3,"featured_media":0,"parent":0,"menu_order":0,"comment_status":"closed","ping_status":"closed","template":"","meta":[],"_links":{"self":[{"href":"https:\/\/www.mecpro.de\/index.php?rest_route=\/wp\/v2\/pages\/32"}],"collection":[{"href":"https:\/\/www.mecpro.de\/index.php?rest_route=\/wp\/v2\/pages"}],"about":[{"href":"https:\/\/www.mecpro.de\/index.php?rest_route=\/wp\/v2\/types\/page"}],"author":[{"embeddable":true,"href":"https:\/\/www.mecpro.de\/index.php?rest_route=\/wp\/v2\/users\/3"}],"replies":[{"embeddable":true,"href":"https:\/\/www.mecpro.de\/index.php?rest_route=%2Fwp%2Fv2%2Fcomments&post=32"}],"version-history":[{"count":22,"href":"https:\/\/www.mecpro.de\/index.php?rest_route=\/wp\/v2\/pages\/32\/revisions"}],"predecessor-version":[{"id":349,"href":"https:\/\/www.mecpro.de\/index.php?rest_route=\/wp\/v2\/pages\/32\/revisions\/349"}],"wp:attachment":[{"href":"https:\/\/www.mecpro.de\/index.php?rest_route=%2Fwp%2Fv2%2Fmedia&parent=32"}],"curies":[{"name":"wp","href":"https:\/\/api.w.org\/{rel}","templated":true}]}}