{"id":41,"date":"2013-07-04T12:45:22","date_gmt":"2013-07-04T10:45:22","guid":{"rendered":"http:\/\/www.mecpro.de\/?page_id=41"},"modified":"2017-07-04T11:26:31","modified_gmt":"2017-07-04T09:26:31","slug":"vpe","status":"publish","type":"page","link":"https:\/\/www.mecpro.de\/?page_id=41","title":{"rendered":"Lehrstuhl f\u00fcr Virtuelle Produktentwicklung"},"content":{"rendered":"<h4><a href=\"http:\/\/www.mecpro.de\/wp-content\/uploads\/2013\/07\/Logo_VPE.jpg\"><img loading=\"lazy\" class=\"wp-image-135 alignright\" src=\"http:\/\/www.mecpro.de\/wp-content\/uploads\/2013\/07\/Logo_VPE-300x127.jpg\" alt=\"Logo_VPE\" width=\"240\" height=\"102\" srcset=\"https:\/\/www.mecpro.de\/wp-content\/uploads\/2013\/07\/Logo_VPE-300x127.jpg 300w, https:\/\/www.mecpro.de\/wp-content\/uploads\/2013\/07\/Logo_VPE-1024x435.jpg 1024w, https:\/\/www.mecpro.de\/wp-content\/uploads\/2013\/07\/Logo_VPE-1170x500.jpg 1170w\" sizes=\"(max-width: 240px) 100vw, 240px\" \/><\/a><strong>Profil:<\/strong><\/h4>\n<p>Der Lehrstuhl f\u00fcr Virtuelle Produktentwicklung (VPE) wird seit 2004 von Prof. Dr.-Ing. Martin Eigner geleitet. Die Forschungsaktivit\u00e4ten konzentrieren sich auf den Bereich der Virtuellen Produktentwicklung. Zu den Kernkompetenzen des Lehrstuhls VPE z\u00e4hlen die Entwicklung von Produkt- und Prozessmodellen, welche als Basis f\u00fcr eine prozessorientierte Implementierung des PLM dienen. Die Optimierung der Prozesse unter Ber\u00fccksichtigung vorhandener IT-L\u00f6sungen zur Unterst\u00fctzung der Zusammenarbeit zwischen Ingenieuren, sowie deren Integration in die IT-Systemlandschaft der Unternehmung, sind fester Bestandteil industrieller Projekte.<\/p>\n<h4><strong>Motivation:<\/strong><\/h4>\n<p>Der Lehrstuhl f\u00fcr Virtuelle Produktentwicklung m\u00f6chte in diesem Projekt seine f\u00fchrende Rolle im universit\u00e4ren PLM-Umfeld einbringen und weiter ausbauen. Dabei sollen auch die bisherigen Erkenntnisse interdisziplin\u00e4rer Produktentwicklung und die Kompetenzen auf dem Feld des modellbasierten Systems Engineerings (MBSE) mit eingebracht werden.<br \/>\nDer Lehrstuhl VPE wird insbesondere in den Bereichen des Produktmodells, des Prozessmodels sowie des integrierten Produkt- und Prozessmodells mitarbeiten und seine Kompetenzen der Systemmodellierung mit SysML nach dem R-F-L-P* Ansatz einbringen. Die Verwaltung dieser Modelle sowie die dazugeh\u00f6rigen Entwicklungsprozesse (z.B. Engineering Chance Requests (ECR), Konfigurationsmanagement, Modellweitergabe) in einer sehr fr\u00fchen Phase sind die zentralen Fragestellungen f\u00fcr den Lehrstuhl VPE. Als Grundlage f\u00fcr oben genannte Entwicklungsprozesse dient eine erweiterte Version des V-Modells nach VDI 2206.<\/p>\n<p>&nbsp;<\/p>\n<div id=\"attachment_224\" style=\"width: 610px\" class=\"wp-caption aligncenter\"><a href=\"http:\/\/www.mecpro.de\/wp-content\/uploads\/2013\/07\/Erweitertes_V-Modell.jpg\"><img aria-describedby=\"caption-attachment-224\" loading=\"lazy\" class=\"wp-image-224\" src=\"http:\/\/www.mecpro.de\/wp-content\/uploads\/2013\/07\/Erweitertes_V-Modell-300x187.jpg\" alt=\"\" width=\"600\" height=\"375\" srcset=\"https:\/\/www.mecpro.de\/wp-content\/uploads\/2013\/07\/Erweitertes_V-Modell-300x187.jpg 300w, https:\/\/www.mecpro.de\/wp-content\/uploads\/2013\/07\/Erweitertes_V-Modell-1024x639.jpg 1024w, https:\/\/www.mecpro.de\/wp-content\/uploads\/2013\/07\/Erweitertes_V-Modell.jpg 1470w\" sizes=\"(max-width: 600px) 100vw, 600px\" \/><\/a><p id=\"caption-attachment-224\" class=\"wp-caption-text\">Quelle: Eigner, Gilz, Zafirov<\/p><\/div>\n<p>&nbsp;<\/p>\n<p>Weitere Informationen finden Sie unter: <a title=\"Webseite des Lehrstuhls VPE\" href=\"http:\/\/vpe.mv.uni-kl.de\" target=\"_blank\" rel=\"noopener\">http:\/\/vpe.mv.uni-kl.de<\/a><\/p>\n<p>&nbsp;<\/p>\n<p>*) R-F-L-P: <strong>R<\/strong>equirements, <strong>F<\/strong>unctions, <strong>L<\/strong>ogical Elements, <strong>P<\/strong>hysical Elements<\/p>\n","protected":false},"excerpt":{"rendered":"<p>Profil: Der Lehrstuhl f\u00fcr Virtuelle Produktentwicklung (VPE) wird seit 2004 von Prof. Dr.-Ing. Martin Eigner geleitet. Die Forschungsaktivit\u00e4ten konzentrieren sich auf den Bereich der Virtuellen Produktentwicklung. Zu den Kernkompetenzen des Lehrstuhls VPE z\u00e4hlen die Entwicklung von Produkt- und Prozessmodellen, welche als Basis f\u00fcr eine prozessorientierte Implementierung des PLM dienen. Die Optimierung der Prozesse unter Ber\u00fccksichtigung [&hellip;]<\/p>\n","protected":false},"author":3,"featured_media":0,"parent":28,"menu_order":0,"comment_status":"closed","ping_status":"closed","template":"","meta":[],"_links":{"self":[{"href":"https:\/\/www.mecpro.de\/index.php?rest_route=\/wp\/v2\/pages\/41"}],"collection":[{"href":"https:\/\/www.mecpro.de\/index.php?rest_route=\/wp\/v2\/pages"}],"about":[{"href":"https:\/\/www.mecpro.de\/index.php?rest_route=\/wp\/v2\/types\/page"}],"author":[{"embeddable":true,"href":"https:\/\/www.mecpro.de\/index.php?rest_route=\/wp\/v2\/users\/3"}],"replies":[{"embeddable":true,"href":"https:\/\/www.mecpro.de\/index.php?rest_route=%2Fwp%2Fv2%2Fcomments&post=41"}],"version-history":[{"count":18,"href":"https:\/\/www.mecpro.de\/index.php?rest_route=\/wp\/v2\/pages\/41\/revisions"}],"predecessor-version":[{"id":1000,"href":"https:\/\/www.mecpro.de\/index.php?rest_route=\/wp\/v2\/pages\/41\/revisions\/1000"}],"up":[{"embeddable":true,"href":"https:\/\/www.mecpro.de\/index.php?rest_route=\/wp\/v2\/pages\/28"}],"wp:attachment":[{"href":"https:\/\/www.mecpro.de\/index.php?rest_route=%2Fwp%2Fv2%2Fmedia&parent=41"}],"curies":[{"name":"wp","href":"https:\/\/api.w.org\/{rel}","templated":true}]}}