{"id":42,"date":"2013-07-04T13:43:20","date_gmt":"2013-07-04T11:43:20","guid":{"rendered":"http:\/\/www.mecpro.de\/?page_id=42"},"modified":"2017-07-04T11:27:09","modified_gmt":"2017-07-04T09:27:09","slug":"schaeffler-ag","status":"publish","type":"page","link":"https:\/\/www.mecpro.de\/?page_id=42","title":{"rendered":"Schaeffler Technologies AG &#038; Co. KG"},"content":{"rendered":"<p><a style=\"color: #768d44; text-decoration: underline; outline: #000000;\" href=\"http:\/\/www.mecpro.de\/wp-content\/uploads\/2013\/07\/Logo_SCHAEFFLER_rgb_Website.gif\"><img loading=\"lazy\" class=\"size-medium wp-image-244 alignright\" src=\"http:\/\/www.mecpro.de\/wp-content\/uploads\/2013\/07\/Logo_SCHAEFFLER_rgb_Website-300x145.gif\" alt=\"Logo der Schaeffler Technologies AG &amp; Co. KG\" width=\"300\" height=\"145\" \/><\/a><\/p>\n<p><span style=\"font-size: 14px; line-height: 20px;\">Schaeffler ist ein weltweit f\u00fchrender W\u00e4lzlagerhersteller und ein renommierter Zulieferer der Automobilindustrie. Die global agierende Unternehmensgruppe mit Sitz in Herzogenaurach, Deutschland, erwirtschaftete im Jahr 2012 einen Umsatz von rund 11,1 Mrd. Euro. Mit rund 78.000 Mitarbeitern weltweit ist Schaeffler eines der gr\u00f6\u00dften deutschen und europ\u00e4ischen Industrieunternehmen in Familienbesitz.<\/span><\/p>\n<p>Schaeffler entwickelt und fertigt mit seinen Produktmarken INA, LuK und FAG Pr\u00e4zisionsprodukte f\u00fcr alles was sich bewegt \u2013 in Maschinen, Anlagen, Kraftfahrzeugen und in der Luft- und Raumfahrt.<\/p>\n<p>&nbsp;<\/p>\n<h4><b>Die Sparten<\/b><\/h4>\n<h5><b>Automotive <\/b><\/h5>\n<p>F\u00fcr die Automobilindustrie ist Schaeffler ein anerkannter Entwicklungspartner mit Systemwissen f\u00fcr den kompletten Antriebsstrang \u2013 d.h. Motor, Getriebe, Fahrwerk sowie Nebenaggregate in Pkw und Nkw. Dabei bietet Schaeffler ein breites Produktportfolio, das sich von energieeffizienten L\u00f6sungen f\u00fcr den klassischen Antriebsstrang mit Verbrennungsmotor \u00fcber Produkte f\u00fcr Hybridfahrzeuge bis hin zu Bauelementen f\u00fcr reine Elektromobilit\u00e4t erstreckt. Pr\u00e4zisionsprodukte von INA, LuK und FAG tragen dazu bei, dass Fahrzeuge weniger Energie verbrauchen und weniger Schadstoffe aussto\u00dfen, ohne auf Fahrkomfort, Sicherheit \u00a0und Fahrspa\u00df zu verzichten. Zu den Kunden geh\u00f6ren weltweit alle renommierten Automobilhersteller und namhaften Zulieferer. \u00a0Ein umfangreiches Produkt- und Service Sortiment im Automotive Aftermarket runden das breite Gesch\u00e4ftsportfolio ab.<\/p>\n<h5><b><\/b><b>Industrie<\/b><\/h5>\n<p>Die Sparte Industrie liefert \u00fcber eine weltweit aufgestellte und marktnahe Organisation sowie \u00a0Anwendungsberatung W\u00e4lz- und Gleitlagerl\u00f6sungen, Linear- und Direktantriebstechnologie der Marken INA und FAG f\u00fcr rund 60 verschiedene Industriebereiche. Das Portfolio umfasst \u00fcber 225.000 Produkte und reicht von millimetergro\u00dfen Miniaturlagern z. B. f\u00fcr Dentalbohrer bis zu Gro\u00dflagern mit einem Au\u00dfendurchmesser von mehreren Metern, z. B. f\u00fcr Windkraftanlagen. Der renommierte Gesch\u00e4ftsbereich \u201eLuft- und Raumfahrt\u201c der Sparte Industrie fertigt Hochpr\u00e4zisionslager f\u00fcr Flugzeuge, Hubschrauber und Raketentriebwerke wie zum Beispiel f\u00fcr den Airbus A 380 und die Boeing 787 Dreamliner. Sonderanwendungen mit Hochpr\u00e4zisionslagern z.B. f\u00fcr die Medizintechnik runden das Angebot ab. Das Industrial Aftermarket Gesch\u00e4ft verantwortet das weltweite Ersatzteil- und Servicegesch\u00e4ft f\u00fcr Endkunden und Vertriebspartner.<\/p>\n<p>&nbsp;<\/p>\n<h4><b><\/b><b>Die Erfolgsfaktoren<\/b><\/h4>\n<p>Zu den Erfolgsfaktoren z\u00e4hlen neben der konsequenten Ausrichtung der Gesch\u00e4fte auf die globalen Wachstumsm\u00e4rkte, der hervorragenden globalen Positionierung in den jeweiligen Gesch\u00e4ftsfeldern nah am Kunden, gelebter Mitarbeiterorientierung und nachhaltigem Wirtschaften vor allem auch Innovationskraft und Kreativit\u00e4t.\u00a0 Rund 6.000 Mitarbeiter entwickeln an 40 F&amp;E-Standorten, davon 16 F&amp;E-Zentren, neue Produkte, Technologien, Prozesse und Verfahren f\u00fcr marktgerechte L\u00f6sungen. Mit j\u00e4hrlich mehr als 1.850 Patentanmeldungen und derzeit mehr als 18.500 in Kraft befindlichen Patenten und Patentanmeldungen geh\u00f6rt Schaeffler zu den Innovationsf\u00fchrern in der Industrie.<\/p>\n<p>Schaeffler identifiziert fr\u00fchzeitig Schl\u00fcsseltrends, investiert in die Forschung und Entwicklung neuer zukunftsorientierter Produkte, definiert neue Technologie-Standards und bringt sie zur Serienreife. Auf den Gebieten Effizienzsteigerung und CO<sub>2<\/sub>-Reduzierung, regenerative Energien, Mechatronik und E- Mobilit\u00e4t bietet Schaeffler eine Vielzahl innovativer Produkte wie beispielsweise reibungs- und leistungsoptimierte W\u00e4lzlager, elektromechanische Komponenten, W\u00e4lzlager mit integrierten Funktionen und Direktantriebe.<\/p>\n<p>Die vielf\u00e4ltigen Aktivit\u00e4ten der Sparten Automotive und Industrie zum Thema Elektromobilit\u00e4t werden in einem \u201eSystemhaus eMobilit\u00e4t\u201c geb\u00fcndelt. Bereits heute bietet das breit gef\u00e4cherte Produktportfolio eine Vielzahl von L\u00f6sungen: Die Bandbreite reicht von Sensor-Tretlagern f\u00fcr E-Bikes \u00fcber Start-Stopp-Systeme und Hybridkupplungen bis hin zu elektrischen Antrieben.<\/p>\n<p>&nbsp;<\/p>\n<h4><b>Die Motivation f\u00fcr das Verbundprojekt mecPro\u00b2<\/b><\/h4>\n<p>Den Erfolgsfaktoren verpflichtet, besch\u00e4ftigt sich Schaeffler mit den Ver\u00e4nderungen der Eigenschaften von Produkten und Produktionssystemen, welche aus dem Kontext der Industrie 4.0 hervorgehen. Dies erfordert eine evolution\u00e4re Weiterentwicklung der bestehenden und bew\u00e4hrten Produkt- und Fertigungsentwicklungsprozesse, welche als Teilprozesse Bestandteil des Produktentstehungsprozesses der Schaeffler Gruppe sind. Schaeffler hat den Anspruch, auch die Produkte von morgen zielgerichtet und effizient entwickeln und produzieren zu k\u00f6nnen.<\/p>\n<p>In dem grundlegenden Ziel des Verbundprojektes, die Methoden des Model-based Systems Engineering (MBSE) mit denen des Product Lifecycle Managements (PLM) zu einem integrierten Prozess- und Datenmodell zu verbinden, sieht Schaeffler einen Hebel zur Beherrschung der stark ansteigenden Entwicklungskomplexit\u00e4t. Die verschiedenen Ingenieursdisziplinen sollen \u00fcber die gemeinsamen Modelle besser vernetzt werden, um durch das gemeinsame Verst\u00e4ndnis ganzheitliche L\u00f6sungen f\u00fcr den Kunden zu erreichen. Medienbr\u00fcche in den Entwicklungsprozessen sollen eliminiert, Doppelarbeit und Fehler vermieden werden. Mit dem Schritt zur modellbasierten Entwicklung soll die Wiederverwendbarkeit von Funktions- und L\u00f6sungselementen deutlich vereinfacht und so ein nachhaltiger Beitrag f\u00fcr den zuk\u00fcnftigen Unternehmenserfolg gesetzt werden.<\/p>\n<p>Auf Grund der strategischen Bedeutung der Ver\u00e4nderungen, welche im Kontext der vierten industriellen Revolution zu erwarten sind, engagiert sich Schaeffler in dem Verbundprojekt mecPro\u00b2 und hat zudem die Rolle des Konsortialf\u00fchrers \u00fcbernommen.<\/p>\n<p>Weitere Informationen zu Schaeffler erhalten Sie unter: <a href=\"http:\/\/www.schaeffler.com\" target=\"_blank\" rel=\"noopener\">http:\/\/www.schaeffler.com<\/a><\/p>\n<div id=\"attachment_241\" style=\"width: 727px\" class=\"wp-caption aligncenter\"><a href=\"http:\/\/www.mecpro.de\/wp-content\/uploads\/2013\/07\/Schaeffler_35578_eMobility_Webmotiv_Lay02_300dpi.jpg\"><img aria-describedby=\"caption-attachment-241\" loading=\"lazy\" class=\" wp-image-241 \" title=\"Schaeffler: eMobility\" src=\"http:\/\/www.mecpro.de\/wp-content\/uploads\/2013\/07\/Schaeffler_35578_eMobility_Webmotiv_Lay02_300dpi-1024x593.jpg\" alt=\"Schaeffler: eMobility\" width=\"717\" height=\"415\" srcset=\"https:\/\/www.mecpro.de\/wp-content\/uploads\/2013\/07\/Schaeffler_35578_eMobility_Webmotiv_Lay02_300dpi-1024x593.jpg 1024w, https:\/\/www.mecpro.de\/wp-content\/uploads\/2013\/07\/Schaeffler_35578_eMobility_Webmotiv_Lay02_300dpi-300x173.jpg 300w, https:\/\/www.mecpro.de\/wp-content\/uploads\/2013\/07\/Schaeffler_35578_eMobility_Webmotiv_Lay02_300dpi.jpg 2038w\" sizes=\"(max-width: 717px) 100vw, 717px\" \/><\/a><p id=\"caption-attachment-241\" class=\"wp-caption-text\">Quelle: Schaeffler<\/p><\/div>\n","protected":false},"excerpt":{"rendered":"<p>Schaeffler ist ein weltweit f\u00fchrender W\u00e4lzlagerhersteller und ein renommierter Zulieferer der Automobilindustrie. Die global agierende Unternehmensgruppe mit Sitz in Herzogenaurach, Deutschland, erwirtschaftete im Jahr 2012 einen Umsatz von rund 11,1 Mrd. Euro. Mit rund 78.000 Mitarbeitern weltweit ist Schaeffler eines der gr\u00f6\u00dften deutschen und europ\u00e4ischen Industrieunternehmen in Familienbesitz. Schaeffler entwickelt und fertigt mit seinen Produktmarken [&hellip;]<\/p>\n","protected":false},"author":3,"featured_media":0,"parent":28,"menu_order":0,"comment_status":"closed","ping_status":"closed","template":"","meta":[],"_links":{"self":[{"href":"https:\/\/www.mecpro.de\/index.php?rest_route=\/wp\/v2\/pages\/42"}],"collection":[{"href":"https:\/\/www.mecpro.de\/index.php?rest_route=\/wp\/v2\/pages"}],"about":[{"href":"https:\/\/www.mecpro.de\/index.php?rest_route=\/wp\/v2\/types\/page"}],"author":[{"embeddable":true,"href":"https:\/\/www.mecpro.de\/index.php?rest_route=\/wp\/v2\/users\/3"}],"replies":[{"embeddable":true,"href":"https:\/\/www.mecpro.de\/index.php?rest_route=%2Fwp%2Fv2%2Fcomments&post=42"}],"version-history":[{"count":18,"href":"https:\/\/www.mecpro.de\/index.php?rest_route=\/wp\/v2\/pages\/42\/revisions"}],"predecessor-version":[{"id":1002,"href":"https:\/\/www.mecpro.de\/index.php?rest_route=\/wp\/v2\/pages\/42\/revisions\/1002"}],"up":[{"embeddable":true,"href":"https:\/\/www.mecpro.de\/index.php?rest_route=\/wp\/v2\/pages\/28"}],"wp:attachment":[{"href":"https:\/\/www.mecpro.de\/index.php?rest_route=%2Fwp%2Fv2%2Fmedia&parent=42"}],"curies":[{"name":"wp","href":"https:\/\/api.w.org\/{rel}","templated":true}]}}