{"id":48,"date":"2013-07-04T12:53:28","date_gmt":"2013-07-04T10:53:28","guid":{"rendered":"http:\/\/www.mecpro.de\/?page_id=48"},"modified":"2017-07-04T11:25:13","modified_gmt":"2017-07-04T09:25:13","slug":"continental-ag","status":"publish","type":"page","link":"https:\/\/www.mecpro.de\/?page_id=48","title":{"rendered":"Continental AG"},"content":{"rendered":"<h4><a href=\"http:\/\/www.mecpro.de\/wp-content\/uploads\/2013\/07\/continental_logo_yellow_srgb_png-data.png\"><img loading=\"lazy\" class=\"alignright size-medium wp-image-309\" src=\"http:\/\/www.mecpro.de\/wp-content\/uploads\/2013\/07\/continental_logo_yellow_srgb_png-data-300x92.png\" alt=\"Logo Continental\" width=\"300\" height=\"92\" srcset=\"https:\/\/www.mecpro.de\/wp-content\/uploads\/2013\/07\/continental_logo_yellow_srgb_png-data-300x92.png 300w, https:\/\/www.mecpro.de\/wp-content\/uploads\/2013\/07\/continental_logo_yellow_srgb_png-data-1024x314.png 1024w, https:\/\/www.mecpro.de\/wp-content\/uploads\/2013\/07\/continental_logo_yellow_srgb_png-data.png 1682w\" sizes=\"(max-width: 300px) 100vw, 300px\" \/><\/a>Profil<\/h4>\n<p>Continental geh\u00f6rt mit einem Umsatz von rund 33,3 Milliarden Euro im Jahr 2013 weltweit zu den f\u00fchrenden Automobilzulieferern. Als Anbieter von Bremssystemen, Systemen und Komponenten f\u00fcr Antriebe und Fahrwerk, Instrumentierung, Infotainment-L\u00f6sungen, Fahrzeugelektronik, Reifen und technischen Elastomerprodukten tr\u00e4gt Continental zu mehr Fahrsicherheit und zum globalen Klimaschutz bei. Continental ist dar\u00fcber hinaus ein kompetenter Partner in der vernetzten, automobilen Kommunikation. Continental besch\u00e4ftigt derzeit rund 178.000 Mitarbeiter in 49 L\u00e4ndern.<\/p>\n<h5><b>Unsere Vision<\/b><\/h5>\n<ul>\n<li>Unsere Welt sind hoch entwickelte, intelligente Technologien f\u00fcr die Mobilit\u00e4t der Menschen, den Transport ihrer Materialien und Stoffe sowie die \u00dcbertragung ihrer Daten.<\/li>\n<li>Wir wollen in jedem unserer M\u00e4rkte und f\u00fcr jeden unserer Kunden die beste L\u00f6sung bereitstellen.<\/li>\n<li>Auf diese Weise werden wir von allen unseren Bezugsgruppen (\u201eStakeholdern\u201c)<\/li>\n<\/ul>\n<p>als ihr im h\u00f6chsten Ma\u00dfe zuverl\u00e4ssiger und gesch\u00e4tzter Partner wahrgenommen, der h\u00f6chstm\u00f6glichen Wert schafft.<\/p>\n<h5><b>Wir gestalten die Megatrends der Automobilindustrie:<\/b><\/h5>\n<p>Sicherheit, Umwelt, Information, erschwingliche Fahrzeuge<\/p>\n<div id=\"attachment_307\" style=\"width: 918px\" class=\"wp-caption aligncenter\"><a href=\"http:\/\/www.mecpro.de\/wp-content\/uploads\/2013\/07\/CONTI_Megatrends.jpg\"><img aria-describedby=\"caption-attachment-307\" loading=\"lazy\" class=\"size-full wp-image-307\" src=\"http:\/\/www.mecpro.de\/wp-content\/uploads\/2013\/07\/CONTI_Megatrends.jpg\" alt=\"Quelle: Continental AG\" width=\"908\" height=\"494\" srcset=\"https:\/\/www.mecpro.de\/wp-content\/uploads\/2013\/07\/CONTI_Megatrends.jpg 908w, https:\/\/www.mecpro.de\/wp-content\/uploads\/2013\/07\/CONTI_Megatrends-300x163.jpg 300w\" sizes=\"(max-width: 908px) 100vw, 908px\" \/><\/a><p id=\"caption-attachment-307\" class=\"wp-caption-text\">Quelle: Continental AG<\/p><\/div>\n<h5><b>Mobilit\u00e4t der Zukunft: Automatisiertes Fahren<\/b><\/h5>\n<p>Wir sind \u00fcberzeugt, dass automatisiertes Fahren ein Kernelement der Mobilit\u00e4t der Zukunft sein wird, denn es wird die Sicherheit, die Effizienz und den Komfort individueller Mobilit\u00e4t noch weiter erh\u00f6hen.<\/p>\n<p>Mit der Automatisierung werden die Opferzahlen im Stra\u00dfenverkehr erheblich sinken. Zudem kann der Fahrer, seine Zeit im Auto anderweitig nutzen und effizienter unterwegs sein.<\/p>\n<p>Unser Weg zum automatisierten Fahren:<\/p>\n<ul>\n<li>Teilautomatisiertes Fahren bis 2016.<\/li>\n<li>Hochautomatisiertes Fahren ab 2020.<\/li>\n<li>Vollautomatisiertes Fahren ab 2025<\/li>\n<\/ul>\n<p>Als erster Automobilzulieferer haben wir 2012 die Testlizenz f\u00fcr automatisiertes Fahren auf \u00f6ffentlichen Stra\u00dfen im Bundesstaat Nevada, USA, erhalten.<\/p>\n<h4><b>Unsere Ziele f\u00fcr das Forschungsprojekt<\/b><\/h4>\n<ul>\n<li>Mit der erfolgreichen Bearbeitung des Verbundprojektes, welches darauf ausgerichtet ist Methoden des Model-based Systems Engineering (MBSE) mit denen des Produkt Lifecycle Managements (PLM) zu einem integrierten Prozess- und Datenmodell zu verbinden,\u00a0 sollen heute bestehende Beschr\u00e4nkungen in der Produktentwicklung und vorhandene Grenzen im Simultaneous Engineering \u00fcberwunden werden.<\/li>\n<li>Ziel ist es, durch Vernetzung verschiedener Ingenieursdisziplinen \u00fcber eine gemeinsame Modellebene bereits in fr\u00fchen Entwicklungsstadien eine Quantifizierbarkeit der positiven und negativen Auswirkungen von Designentscheidungen zu erreichen, um m\u00f6glichen Problemen w\u00e4hrend der sp\u00e4teren Systemintegration und den daraus gegebenenfalls resultierenden notwendigen Iterationsschleifen durch ein gemeinsames Verst\u00e4ndnis und ganzheitlichen L\u00f6sungsans\u00e4tzen vorzubeugen.<\/li>\n<li>Die erfolgreiche Umsetzung des Projektes soll damit die notwendigen Voraussetzungen erarbeiten, um innovative, qualitativ hochwertige, immer weiter miteinander vernetzte Produkte mit weiter steigendem Komplexit\u00e4tsgrad bei deterministisch absch\u00e4tzbaren Entwicklungszeiten und \u2013aufw\u00e4nden f\u00fcr unsere Kunden entwickeln zu k\u00f6nnen.<\/li>\n<\/ul>\n<p><b>\u2026und so unsere Vision und der Mobilit\u00e4t der Zukunft einen Schritt n\u00e4her zu kommen.<\/b><\/p>\n<p>Weitere Informationen zu Continental erhalten Sie unter: <a href=\"http:\/\/www.conti-online.com\/\">http:\/\/www.conti-online.com<\/a><\/p>\n","protected":false},"excerpt":{"rendered":"<p>Profil Continental geh\u00f6rt mit einem Umsatz von rund 33,3 Milliarden Euro im Jahr 2013 weltweit zu den f\u00fchrenden Automobilzulieferern. Als Anbieter von Bremssystemen, Systemen und Komponenten f\u00fcr Antriebe und Fahrwerk, Instrumentierung, Infotainment-L\u00f6sungen, Fahrzeugelektronik, Reifen und technischen Elastomerprodukten tr\u00e4gt Continental zu mehr Fahrsicherheit und zum globalen Klimaschutz bei. Continental ist dar\u00fcber hinaus ein kompetenter Partner in [&hellip;]<\/p>\n","protected":false},"author":3,"featured_media":0,"parent":28,"menu_order":0,"comment_status":"closed","ping_status":"closed","template":"","meta":[],"_links":{"self":[{"href":"https:\/\/www.mecpro.de\/index.php?rest_route=\/wp\/v2\/pages\/48"}],"collection":[{"href":"https:\/\/www.mecpro.de\/index.php?rest_route=\/wp\/v2\/pages"}],"about":[{"href":"https:\/\/www.mecpro.de\/index.php?rest_route=\/wp\/v2\/types\/page"}],"author":[{"embeddable":true,"href":"https:\/\/www.mecpro.de\/index.php?rest_route=\/wp\/v2\/users\/3"}],"replies":[{"embeddable":true,"href":"https:\/\/www.mecpro.de\/index.php?rest_route=%2Fwp%2Fv2%2Fcomments&post=48"}],"version-history":[{"count":7,"href":"https:\/\/www.mecpro.de\/index.php?rest_route=\/wp\/v2\/pages\/48\/revisions"}],"predecessor-version":[{"id":998,"href":"https:\/\/www.mecpro.de\/index.php?rest_route=\/wp\/v2\/pages\/48\/revisions\/998"}],"up":[{"embeddable":true,"href":"https:\/\/www.mecpro.de\/index.php?rest_route=\/wp\/v2\/pages\/28"}],"wp:attachment":[{"href":"https:\/\/www.mecpro.de\/index.php?rest_route=%2Fwp%2Fv2%2Fmedia&parent=48"}],"curies":[{"name":"wp","href":"https:\/\/api.w.org\/{rel}","templated":true}]}}