{"id":50,"date":"2013-07-04T12:53:50","date_gmt":"2013-07-04T10:53:50","guid":{"rendered":"http:\/\/www.mecpro.de\/?page_id=50"},"modified":"2014-06-27T13:36:34","modified_gmt":"2014-06-27T11:36:34","slug":"siemens-industry-software-gmbh","status":"publish","type":"page","link":"https:\/\/www.mecpro.de\/?page_id=50","title":{"rendered":"Siemens PLM"},"content":{"rendered":"<h4><b>\u00dcber Siemens PLM Software<a href=\"http:\/\/www.mecpro.de\/wp-content\/uploads\/2014\/03\/SiemensClrLogo.jpg\"><img loading=\"lazy\" class=\"alignright size-medium wp-image-290\" src=\"http:\/\/www.mecpro.de\/wp-content\/uploads\/2014\/03\/SiemensClrLogo-300x47.jpg\" alt=\"Logo_Siemens\" width=\"300\" height=\"47\" srcset=\"https:\/\/www.mecpro.de\/wp-content\/uploads\/2014\/03\/SiemensClrLogo-300x47.jpg 300w, https:\/\/www.mecpro.de\/wp-content\/uploads\/2014\/03\/SiemensClrLogo-1024x162.jpg 1024w, https:\/\/www.mecpro.de\/wp-content\/uploads\/2014\/03\/SiemensClrLogo.jpg 2029w\" sizes=\"(max-width: 300px) 100vw, 300px\" \/><\/a><\/b><\/h4>\n<p>Siemens PLM Software, eine Business Unit der Siemens-Division Industry Automation, ist ein f\u00fchrender, weltweit t\u00e4tiger Anbieter von Product Lifecycle Management (PLM)-Software und zugeh\u00f6rigen Dienstleistungen mit 6,7 Millionen lizenzierten Anwendern und mehr als 69 500 Kunden in aller Welt. Siemens PLM Software mit Sitz in Plano, Texas, arbeitet eng mit Unternehmen zusammen, um offene L\u00f6sungen zu entwickeln, mit denen diese mehr Ideen in erfolgreiche Produkte umsetzen k\u00f6nnen. Weitere Informationen \u00fcber die Produkte und Leistungen von Siemens PLM Software unter <a href=\"http:\/\/www.siemens.com\/plm\">www.siemens.com\/plm<\/a>.<\/p>\n<p>&nbsp;<\/p>\n<h4><b>\u00dcber die Siemens-Division Industry Automation<\/b><\/h4>\n<p>Die Siemens-Division Industry Automation (N\u00fcrnberg) ist weltweit f\u00fchrend bei Automatisierungstechnik, industrieller Schalttechnik sowie Industriesoftware. Das Angebot reicht von Standardprodukten f\u00fcr die Fertigungs- und Prozessindustrie bis hin zu Branchenl\u00f6sungen mit der Automatisierung ganzer Automobilproduktionen und Chemieanlagen. Als f\u00fchrender Software-Anbieter optimiert Industry Automation die gesamte Wertsch\u00f6pfungskette produzierender Unternehmen \u2013 von Produktdesign und -entwicklung \u00fcber Produktion und Vertrieb bis zum Service. Mit weltweit rund 33 000 Mitarbeitern (30. September) erzielte Siemens Industry Automation im Gesch\u00e4ftsjahr 2010 einen Umsatz von 6,2 Milliarden Euro. <a href=\"http:\/\/www.siemens.com\/industryautomation\">www.siemens.com\/industryautomation<\/a><\/p>\n<div id=\"attachment_320\" style=\"width: 1034px\" class=\"wp-caption alignright\"><a href=\"http:\/\/www.mecpro.de\/wp-content\/uploads\/2013\/07\/flickr-SPLM-HD-PLM_Support_Image-CC-BY-ND-2.0.jpg\"><img aria-describedby=\"caption-attachment-320\" loading=\"lazy\" class=\"size-large wp-image-320\" src=\"http:\/\/www.mecpro.de\/wp-content\/uploads\/2013\/07\/flickr-SPLM-HD-PLM_Support_Image-CC-BY-ND-2.0-1024x760.jpg\" alt=\"HD-PLM hilft dem Benutzer, schneller bessere Entscheidungen zu treffen, mittels personalisierter, intuitiver Informationsdarstellung zur Kl\u00e4rung des Verst\u00e4ndnisses der Aufgaben.\" width=\"1024\" height=\"760\" srcset=\"https:\/\/www.mecpro.de\/wp-content\/uploads\/2013\/07\/flickr-SPLM-HD-PLM_Support_Image-CC-BY-ND-2.0-1024x760.jpg 1024w, https:\/\/www.mecpro.de\/wp-content\/uploads\/2013\/07\/flickr-SPLM-HD-PLM_Support_Image-CC-BY-ND-2.0-300x222.jpg 300w, https:\/\/www.mecpro.de\/wp-content\/uploads\/2013\/07\/flickr-SPLM-HD-PLM_Support_Image-CC-BY-ND-2.0.jpg 1818w\" sizes=\"(max-width: 1024px) 100vw, 1024px\" \/><\/a><p id=\"caption-attachment-320\" class=\"wp-caption-text\">HD-PLM hilft dem Benutzer, schneller bessere Entscheidungen zu treffen, mittels personalisierter, intuitiver Informationsdarstellung zur Kl\u00e4rung des Verst\u00e4ndnisses der Aufgaben.<\/p><\/div>\n","protected":false},"excerpt":{"rendered":"<p>\u00dcber Siemens PLM Software Siemens PLM Software, eine Business Unit der Siemens-Division Industry Automation, ist ein f\u00fchrender, weltweit t\u00e4tiger Anbieter von Product Lifecycle Management (PLM)-Software und zugeh\u00f6rigen Dienstleistungen mit 6,7 Millionen lizenzierten Anwendern und mehr als 69 500 Kunden in aller Welt. Siemens PLM Software mit Sitz in Plano, Texas, arbeitet eng mit Unternehmen zusammen, [&hellip;]<\/p>\n","protected":false},"author":3,"featured_media":0,"parent":28,"menu_order":0,"comment_status":"closed","ping_status":"closed","template":"","meta":[],"_links":{"self":[{"href":"https:\/\/www.mecpro.de\/index.php?rest_route=\/wp\/v2\/pages\/50"}],"collection":[{"href":"https:\/\/www.mecpro.de\/index.php?rest_route=\/wp\/v2\/pages"}],"about":[{"href":"https:\/\/www.mecpro.de\/index.php?rest_route=\/wp\/v2\/types\/page"}],"author":[{"embeddable":true,"href":"https:\/\/www.mecpro.de\/index.php?rest_route=\/wp\/v2\/users\/3"}],"replies":[{"embeddable":true,"href":"https:\/\/www.mecpro.de\/index.php?rest_route=%2Fwp%2Fv2%2Fcomments&post=50"}],"version-history":[{"count":5,"href":"https:\/\/www.mecpro.de\/index.php?rest_route=\/wp\/v2\/pages\/50\/revisions"}],"predecessor-version":[{"id":352,"href":"https:\/\/www.mecpro.de\/index.php?rest_route=\/wp\/v2\/pages\/50\/revisions\/352"}],"up":[{"embeddable":true,"href":"https:\/\/www.mecpro.de\/index.php?rest_route=\/wp\/v2\/pages\/28"}],"wp:attachment":[{"href":"https:\/\/www.mecpro.de\/index.php?rest_route=%2Fwp%2Fv2%2Fmedia&parent=50"}],"curies":[{"name":"wp","href":"https:\/\/api.w.org\/{rel}","templated":true}]}}