{"id":52,"date":"2013-07-04T12:53:58","date_gmt":"2013-07-04T10:53:58","guid":{"rendered":"http:\/\/www.mecpro.de\/?page_id=52"},"modified":"2017-07-04T11:26:55","modified_gmt":"2017-07-04T09:26:55","slug":"siemens-ag","status":"publish","type":"page","link":"https:\/\/www.mecpro.de\/?page_id=52","title":{"rendered":"Siemens AG"},"content":{"rendered":"<h4><a href=\"http:\/\/www.mecpro.de\/wp-content\/uploads\/2014\/03\/SiemensClrLogo.jpg\"><img loading=\"lazy\" class=\" wp-image-290 alignright\" src=\"http:\/\/www.mecpro.de\/wp-content\/uploads\/2014\/03\/SiemensClrLogo.jpg\" alt=\"Logo_Siemens\" width=\"350\" height=\"56\" srcset=\"https:\/\/www.mecpro.de\/wp-content\/uploads\/2014\/03\/SiemensClrLogo.jpg 2029w, https:\/\/www.mecpro.de\/wp-content\/uploads\/2014\/03\/SiemensClrLogo-300x47.jpg 300w, https:\/\/www.mecpro.de\/wp-content\/uploads\/2014\/03\/SiemensClrLogo-1024x162.jpg 1024w\" sizes=\"(max-width: 350px) 100vw, 350px\" \/><\/a>Profil:<\/h4>\n<p>Die Siemens AG (Berlin und M\u00fcnchen) ist ein global agierender Technologiekonzern mit Schwerpunkt in den Bereichen Elektronik und Elektrotechnik.<\/p>\n<p>Der Konzern ist mit seinen Aktivit\u00e4ten auf den Gebieten Industrie, Energie, Gesundheit und Infrastrukturl\u00f6sungen weltweit f\u00fchrend. Rund 362.000 Mitarbeiter \u2013 118.000 oder 33% davon in Deutschland \u2013 entwickeln und fertigen Produkte, konzipieren und bauen Systeme und Anlagen und bieten ma\u00dfgeschneiderte technische L\u00f6sungen f\u00fcr individuelle Probleme an. Siemens steht seit fast 170 Jahren f\u00fcr technologische Spitzenleistungen, Innovation, Qualit\u00e4t, Zuverl\u00e4ssigkeit und Internationalit\u00e4t. Im Gesch\u00e4ftsjahr (GJ) 2013 erzielte Siemens in \u00fcber 200 L\u00e4ndern nach IFRS einen Umsatz von rund \u20ac75,9 Mrd.<\/p>\n<p>Innovation ist der wichtigste Wachstums- und Produktivit\u00e4tstreiber von Siemens. Im GJ 2013 hat das Unternehmen \u20ac4,3 Mrd. \u2013 5,6 Prozent des Gesamtumsatzes \u2013 in Forschung und Entwicklung (FuE) investiert, um weiterhin f\u00fchrend an der Spitze des technischen Fortschritts \u00a0bleiben zu k\u00f6nnen. Heute besch\u00e4ftigt das Unternehmen weltweit rund 29.800 Forscher und Entwickler an 229 FuE-Standorten. Sie arbeiten an Innovationen, mit denen sich bestehende Gesch\u00e4fte absichern und neue M\u00e4rkte erschlie\u00dfen lassen. Dar\u00fcber hinaus steht Siemens f\u00fcr nachhaltige L\u00f6sungen: So bestand das Siemens Umweltportfolio im GJ 2013 aus Produkten und L\u00f6sungen, die mit \u20ac32,3 Milliarden und \u00fcber 40% des Gesamtumsatzes direkt zum Umwelt- und Klimaschutz beitrugen.<\/p>\n<p>Mit 6900 Mitarbeitern weltweit spielt die Corporate Technology (CT) eine Schl\u00fcsselrolle bei FuE innerhalb von Siemens. Sie arbeitet eng mit den FuE-Teams in den Sektoren und Divisionen zusammen. Corporate Technology verf\u00fcgt \u00fcber ein Netzwerk, welches die effiziente Kooperation zwischen den verschiedenen FuE-Standorten weltweit und dem \u00fcbrigen Unternehmen erm\u00f6glicht. CT stellt Fachwissen bez\u00fcglich strategisch wichtiger Bereiche bereit, um die technologische Zukunft des Unternehmens zu sichern, und um Patentrechte zu erwerben, die das operative Gesch\u00e4ft des Unternehmens sch\u00fctzen.<\/p>\n<h4>Motivation<\/h4>\n<p>F\u00fcr die Siemens AG als weltweit f\u00fchrender Anbieter auf dem Gebiet der Automatisierung, ist es wichtig, unseren Kunden kontinuierlich neue L\u00f6sungen anzubieten, die dem Trend der sich immer weiter vernetzenden Produkte und Produktionssysteme Rechnung tr\u00e4gt. Um das zu erreichen, m\u00fcssen die virtuellen und realen Entwicklungs- und Produktionsprozesse miteinander verkn\u00fcpft werden.<\/p>\n<p>Ziel ist es, den Entwicklungsprozess solcher vernetzter Systeme zu beschreiben und durch den konsequenten Einsatz modellbasierter Verfahren zu optimieren. Somit wird die identifizierte L\u00fccke zwischen den disziplinspezifischen Einzelmodellen und dem Gesamtmodell geschlossen.<\/p>\n<div id=\"attachment_287\" style=\"width: 776px\" class=\"wp-caption aligncenter\"><a href=\"http:\/\/www.mecpro.de\/wp-content\/uploads\/2014\/03\/soaxx200803-01_300dpi.jpg\"><img aria-describedby=\"caption-attachment-287\" loading=\"lazy\" class=\" wp-image-287 \" src=\"http:\/\/www.mecpro.de\/wp-content\/uploads\/2014\/03\/soaxx200803-01_300dpi.jpg\" alt=\"Quelle: www.siemens.com\/press\" width=\"766\" height=\"553\" srcset=\"https:\/\/www.mecpro.de\/wp-content\/uploads\/2014\/03\/soaxx200803-01_300dpi.jpg 2126w, https:\/\/www.mecpro.de\/wp-content\/uploads\/2014\/03\/soaxx200803-01_300dpi-300x216.jpg 300w, https:\/\/www.mecpro.de\/wp-content\/uploads\/2014\/03\/soaxx200803-01_300dpi-1024x739.jpg 1024w\" sizes=\"(max-width: 766px) 100vw, 766px\" \/><\/a><p id=\"caption-attachment-287\" class=\"wp-caption-text\">Quelle: www.siemens.com\/press<\/p><\/div>\n","protected":false},"excerpt":{"rendered":"<p>Profil: Die Siemens AG (Berlin und M\u00fcnchen) ist ein global agierender Technologiekonzern mit Schwerpunkt in den Bereichen Elektronik und Elektrotechnik. Der Konzern ist mit seinen Aktivit\u00e4ten auf den Gebieten Industrie, Energie, Gesundheit und Infrastrukturl\u00f6sungen weltweit f\u00fchrend. Rund 362.000 Mitarbeiter \u2013 118.000 oder 33% davon in Deutschland \u2013 entwickeln und fertigen Produkte, konzipieren und bauen Systeme [&hellip;]<\/p>\n","protected":false},"author":3,"featured_media":0,"parent":28,"menu_order":0,"comment_status":"closed","ping_status":"closed","template":"","meta":[],"_links":{"self":[{"href":"https:\/\/www.mecpro.de\/index.php?rest_route=\/wp\/v2\/pages\/52"}],"collection":[{"href":"https:\/\/www.mecpro.de\/index.php?rest_route=\/wp\/v2\/pages"}],"about":[{"href":"https:\/\/www.mecpro.de\/index.php?rest_route=\/wp\/v2\/types\/page"}],"author":[{"embeddable":true,"href":"https:\/\/www.mecpro.de\/index.php?rest_route=\/wp\/v2\/users\/3"}],"replies":[{"embeddable":true,"href":"https:\/\/www.mecpro.de\/index.php?rest_route=%2Fwp%2Fv2%2Fcomments&post=52"}],"version-history":[{"count":9,"href":"https:\/\/www.mecpro.de\/index.php?rest_route=\/wp\/v2\/pages\/52\/revisions"}],"predecessor-version":[{"id":1001,"href":"https:\/\/www.mecpro.de\/index.php?rest_route=\/wp\/v2\/pages\/52\/revisions\/1001"}],"up":[{"embeddable":true,"href":"https:\/\/www.mecpro.de\/index.php?rest_route=\/wp\/v2\/pages\/28"}],"wp:attachment":[{"href":"https:\/\/www.mecpro.de\/index.php?rest_route=%2Fwp%2Fv2%2Fmedia&parent=52"}],"curies":[{"name":"wp","href":"https:\/\/api.w.org\/{rel}","templated":true}]}}