{"id":66,"date":"2013-07-04T14:11:54","date_gmt":"2013-07-04T12:11:54","guid":{"rendered":"http:\/\/www.mecpro.de\/?page_id=66"},"modified":"2017-07-04T11:25:58","modified_gmt":"2017-07-04T09:25:58","slug":"fbk","status":"publish","type":"page","link":"https:\/\/www.mecpro.de\/?page_id=66","title":{"rendered":"Lehrstuhl f\u00fcr Fertigungstechnik und Betriebsorganisation Kaiserslautern"},"content":{"rendered":"<p><img loading=\"lazy\" class=\"alignright\" src=\"http:\/\/www.mecpro.de\/wp-content\/uploads\/2014\/01\/fbk_neu_gross.png\" alt=\"Logo des FBK\" width=\"150\" height=\"81\" \/><\/p>\n<p>Der Lehrstuhl f\u00fcr Fertigungstechnik und Betriebsorganisation (FBK) an der Technischen Universit\u00e4t Kaiserslautern wird von Professor Dr.-Ing. Jan C. Aurich geleitet und teilt sich in mehrere Forschungsfelder auf. Dies sind die Forschungsfelder Mikromaschinen und \u2013komponenten, Hochleistungswerkstoff und Werkzeugentwicklung. Des Weiteren gibt es die Forschungsfelder Life Cycle Engineering, Ressourceneffiziente Produktion, Virtuelle Produktion und Cybertronische Produktionssysteme. Im Rahmen der letztgenannten besch\u00e4ftigt sich der Lehrstuhl unter anderem mit der virtuellen Produktion, die die gesamte Prozesskette abdeckt und die Planung von Fabriken und Produktionssystemen umfasst, wobei die kollaborative Planung einen Fokus bildet. Dies stellt die Ausgangsbasis f\u00fcr die Erforschung einer integrativen Entwicklungsmethode f\u00fcr cybertronische Produktionssysteme (CTPS) dar.<\/p>\n<p>Weitere Informationen finden Sie unter: <a title=\"http:\/\/www.mv.uni-kl.de\/fbk\/home\/\" href=\"http:\/\/www.mv.uni-kl.de\/fbk\/home\/\">http:\/\/www.mv.uni-kl.de\/fbk\/home\/<\/a><\/p>\n<h5>Motivation<\/h5>\n<p>Der Lehrstuhl f\u00fcr Fertigungstechnik und Betriebsorganisation m\u00f6chte in diesem Forschungsprojekt seine Kompetenzen im Bereich der Planung von Produktionssystemen sowie der Fabrikplanung einbringen. Diese werden durch das Projekt entsprechend der Anforderungen von CTPS weiterentwickelt, um auch in diesem Forschungsgebiet die eigene Stellung im wissenschaftlichen Umfeld auszubauen.<\/p>\n<p>Der Schwerpunkt des Lehrstuhls in dem Projekt liegt in der Gestaltung einer Vorgehensweise zur Entwicklung von CTPS sowie in der Erarbeitung von Simulationsmodellen. Dadurch k\u00f6nnen die Eigenschaften von CTPS in einer fr\u00fchen Phase im virtuellen Modell abgesichert und die Planungsqualit\u00e4t erh\u00f6ht werden. Bei der Erstellung von Simulationsmodellen kann auf die Erfahrung aus fr\u00fcheren Forschungsprojekten zur\u00fcckgegriffen werden.<\/p>\n<div id=\"attachment_332\" style=\"width: 730px\" class=\"wp-caption aligncenter\"><a href=\"http:\/\/www.mecpro.de\/wp-content\/uploads\/2013\/07\/fbk_cave_1000.png\"><img aria-describedby=\"caption-attachment-332\" loading=\"lazy\" class=\"wp-image-332\" src=\"http:\/\/www.mecpro.de\/wp-content\/uploads\/2013\/07\/fbk_cave_1000.png\" alt=\"fbk_cave_1000\" width=\"720\" height=\"540\" srcset=\"https:\/\/www.mecpro.de\/wp-content\/uploads\/2013\/07\/fbk_cave_1000.png 1000w, https:\/\/www.mecpro.de\/wp-content\/uploads\/2013\/07\/fbk_cave_1000-300x225.png 300w\" sizes=\"(max-width: 720px) 100vw, 720px\" \/><\/a><p id=\"caption-attachment-332\" class=\"wp-caption-text\">Cave des FBK<\/p><\/div>\n","protected":false},"excerpt":{"rendered":"<p>Der Lehrstuhl f\u00fcr Fertigungstechnik und Betriebsorganisation (FBK) an der Technischen Universit\u00e4t Kaiserslautern wird von Professor Dr.-Ing. Jan C. Aurich geleitet und teilt sich in mehrere Forschungsfelder auf. Dies sind die Forschungsfelder Mikromaschinen und \u2013komponenten, Hochleistungswerkstoff und Werkzeugentwicklung. Des Weiteren gibt es die Forschungsfelder Life Cycle Engineering, Ressourceneffiziente Produktion, Virtuelle Produktion und Cybertronische Produktionssysteme. Im Rahmen [&hellip;]<\/p>\n","protected":false},"author":3,"featured_media":0,"parent":28,"menu_order":0,"comment_status":"closed","ping_status":"closed","template":"","meta":[],"_links":{"self":[{"href":"https:\/\/www.mecpro.de\/index.php?rest_route=\/wp\/v2\/pages\/66"}],"collection":[{"href":"https:\/\/www.mecpro.de\/index.php?rest_route=\/wp\/v2\/pages"}],"about":[{"href":"https:\/\/www.mecpro.de\/index.php?rest_route=\/wp\/v2\/types\/page"}],"author":[{"embeddable":true,"href":"https:\/\/www.mecpro.de\/index.php?rest_route=\/wp\/v2\/users\/3"}],"replies":[{"embeddable":true,"href":"https:\/\/www.mecpro.de\/index.php?rest_route=%2Fwp%2Fv2%2Fcomments&post=66"}],"version-history":[{"count":12,"href":"https:\/\/www.mecpro.de\/index.php?rest_route=\/wp\/v2\/pages\/66\/revisions"}],"predecessor-version":[{"id":334,"href":"https:\/\/www.mecpro.de\/index.php?rest_route=\/wp\/v2\/pages\/66\/revisions\/334"}],"up":[{"embeddable":true,"href":"https:\/\/www.mecpro.de\/index.php?rest_route=\/wp\/v2\/pages\/28"}],"wp:attachment":[{"href":"https:\/\/www.mecpro.de\/index.php?rest_route=%2Fwp%2Fv2%2Fmedia&parent=66"}],"curies":[{"name":"wp","href":"https:\/\/api.w.org\/{rel}","templated":true}]}}