{"id":71,"date":"2013-07-04T14:24:42","date_gmt":"2013-07-04T12:24:42","guid":{"rendered":"http:\/\/www.mecpro.de\/?page_id=71"},"modified":"2017-07-04T11:27:25","modified_gmt":"2017-07-04T09:27:25","slug":"unity-ag","status":"publish","type":"page","link":"https:\/\/www.mecpro.de\/?page_id=71","title":{"rendered":"Unity AG"},"content":{"rendered":"<p style=\"text-align: left;\"><a href=\"http:\/\/www.mecpro.de\/wp-content\/uploads\/2013\/07\/UNITY_Logo_Blau.jpg\"><img loading=\"lazy\" class=\"alignright size-medium wp-image-277\" src=\"http:\/\/www.mecpro.de\/wp-content\/uploads\/2013\/07\/UNITY_Logo_Blau-300x104.jpg\" alt=\"UNITY_Logo_Blau\" width=\"300\" height=\"104\" srcset=\"https:\/\/www.mecpro.de\/wp-content\/uploads\/2013\/07\/UNITY_Logo_Blau-300x104.jpg 300w, https:\/\/www.mecpro.de\/wp-content\/uploads\/2013\/07\/UNITY_Logo_Blau.jpg 550w\" sizes=\"(max-width: 300px) 100vw, 300px\" \/><\/a>UNITY ist die Managementberatung f\u00fcr zukunftsorientierte Unternehmensgestaltung. Sie steigert die Innovationskraft und die operative Exzellenz ihrer Kunden. Seit 1995 hat UNITY mehr als 800 Projekte zum Erfolg gef\u00fchrt. Zu den Kunden z\u00e4hlen sowohl der Mittelstand als auch 16 der DAX-30-Unternehmen der Branchen Automotive, Luft- und Raumfahrt, Gesundheitswirtschaft und Medizintechnik, Energie, Pharma und Chemie sowie der produzierenden Industrie. UNITY ist an sieben Standorten in Deutschland und vier internationalen Standorten vertreten. Mit 170 Mitarbeitern f\u00fchrt die Managementberatung weltweit Projekte durch.<\/p>\n<p>UNITY-Kunden profitieren insbesondere vom einzigartigen Beratungsansatz: Gemeinsam mit ihnen werden ma\u00dfgeschneiderte L\u00f6sungen erarbeitet, die ihren Erfolg nachhaltig steigern.<\/p>\n<h4><b>Mit systematischem Vorgehen zu Innovation und Erfolg<\/b><\/h4>\n<p>Der Schl\u00fcssel f\u00fcr langfristigen Markterfolg liegt in innovativem Denken und Handeln. Mit modernem Managementwissen steigert UNITY die Innovationskraft und die operative Exzellenz seiner Kunden: Das 4-Ebenen-Modell der zukunftsorientierten Unternehmensgestaltung entstand in Kooperation mit Industrieunternehmen und wurde unter der Leitung von Prof. Dr.-Ing. J\u00fcrgen Gausemeier am Heinz Nixdorf Institut entwickelt. Auf dieser Basis gelingt es UNITY die Optimierungspotenziale von heute und die Herausforderungen von morgen zu erkennen. Neben dem 4-Ebenen-Modell nutzt UNITY zielorientiertes Projekt- und Restrukturierungsmanagement, um seine Kunden erfolgreich zu machen.<\/p>\n<h5><i>Vorausschau mit Szenarien<\/i><\/h5>\n<p>Die Berater von UNITY erkennen Chancen und Bedrohungen f\u00fcr das Gesch\u00e4ft ihrer Kunden, indem sie die Zukunft systematisch ausleuchten. Mit Hilfe der Szenario-Technik denken sie die Zukunft voraus. So erkennen sie fr\u00fchzeitig die Potenziale und Herausforderungen von morgen.<\/p>\n<h5><i>Strategieentwicklung<\/i><\/h5>\n<p>Um innovative Gesch\u00e4ftsm\u00f6glichkeiten zu realisieren, entwickelt UNITY in Zusammenarbeit mit seinen Kunden Unternehmens-, Produkt- und Technologiestrategien sowie innovative Gesch\u00e4ftsmodelle. Besonderes Augenmerk wird dabei auf die Erfolgspotenziale der Zukunft gelegt.<\/p>\n<h5><i>Prozessmanagement<\/i><\/h5>\n<p>Gemeinsam mit seinen Kunden gestaltet UNITY schlanke Prozesse. Das Vorgehen reicht von der Konzeption bis zum gelebten Prozess auf Basis der durchg\u00e4ngigen Methode OMEGA. Im Mittelpunkt stehen die Akzeptanz der Mitarbeiter und die Realisierung von Kosteneinsparpotenzialen.<\/p>\n<h5><i>IT- Management<\/i><\/h5>\n<p>Erfolgreiche Unternehmen richten ihre Informationstechnik an ihren Prozessen aus. UNITY unterst\u00fctzt seine Kunden von der Entwicklung innovativer IT-Strategien \u00fcber die Optimierung der IT-Organisation bis zur produktneutralen Einf\u00fchrung von diversen IT-Systemen.<\/p>\n<h5><i>Projektmanagement<\/i><\/h5>\n<p>UNITY steigert gemeinsam mit seinen Kunden deren Projektmanagement-Kompetenz. Die Berater f\u00fchren Projektmanagement-Offices (PMOs) und Gro\u00dfprojekte durch Fachexpertise und operative Unterst\u00fctzung zum Erfolg.<\/p>\n<h5><i>Restrukturierungsmanagement<\/i><\/h5>\n<p>Mit Hilfe von strukturierten Analysen identifiziert UNITY, wo die gr\u00f6\u00dften Ver\u00e4nderungs- und damit die Erfolgspotenziale im Kundenunternehmen liegen. Genau hier setzt die Managementberatung an, um die operative Exzellenz und den Erfolg ihrer Kunden kurzfristig und nachhaltig wiederherzustellen.<\/p>\n<p><a href=\"http:\/\/www.mecpro.de\/wp-content\/uploads\/2013\/07\/UNITY_Bild1.png\"><img loading=\"lazy\" class=\"aligncenter size-full wp-image-280\" src=\"http:\/\/www.mecpro.de\/wp-content\/uploads\/2013\/07\/UNITY_Bild1.png\" alt=\"UNITY_Bild\" width=\"1019\" height=\"806\" srcset=\"https:\/\/www.mecpro.de\/wp-content\/uploads\/2013\/07\/UNITY_Bild1.png 1019w, https:\/\/www.mecpro.de\/wp-content\/uploads\/2013\/07\/UNITY_Bild1-300x237.png 300w\" sizes=\"(max-width: 1019px) 100vw, 1019px\" \/><\/a><\/p>\n<h4>Beitrag zum Verbundprojekt<\/h4>\n<p>Zielsetzung und Arbeitsschwerpunkt der UNITY AG im Verbundprojekt ist (neben dem Beitrag zur Entwicklung und Validierung von L\u00f6sungskonzepten zur integrativen Planung und Entwicklung cybertronischer Produkte und Produktionssysteme) insbesondere die Analyse der entsprechenden Anforderungen und Potenziale auf Basis der definierten Anwendungsbeispiele (Piloten). Hierzu werden im Rahmen einer Prozess- und Potenzialanalyse zun\u00e4chst bestehende Ans\u00e4tze und Vorgehensweisen bei den Projektpartnern analysiert. Anhand der Erkenntnisse wird ein integriertes Prozessrahmenwerk f\u00fcr die Entwicklung cybertronischer Produkte und Produktionssysteme konzipiert und im weiteren Projektverlauf evaluiert. Schwerpunkte liegen in diesem Zusammenhang u.a. auf der Entwicklung von Einf\u00fchrungskonzepten sowie der Betrachtung von Aspekten der Organisationsentwicklung (Synchronisation von System und Organisation).<\/p>\n<p>Die Erkenntnisse erweitern das UNITY Beratungsportfolio, so dass ein Transfer bzw. die \u00dcbertragung der Projektergebnisse in weitere Unternehmen und Branchen gew\u00e4hrleistet ist.<\/p>\n","protected":false},"excerpt":{"rendered":"<p>UNITY ist die Managementberatung f\u00fcr zukunftsorientierte Unternehmensgestaltung. Sie steigert die Innovationskraft und die operative Exzellenz ihrer Kunden. Seit 1995 hat UNITY mehr als 800 Projekte zum Erfolg gef\u00fchrt. Zu den Kunden z\u00e4hlen sowohl der Mittelstand als auch 16 der DAX-30-Unternehmen der Branchen Automotive, Luft- und Raumfahrt, Gesundheitswirtschaft und Medizintechnik, Energie, Pharma und Chemie sowie der [&hellip;]<\/p>\n","protected":false},"author":3,"featured_media":0,"parent":28,"menu_order":0,"comment_status":"closed","ping_status":"closed","template":"","meta":[],"_links":{"self":[{"href":"https:\/\/www.mecpro.de\/index.php?rest_route=\/wp\/v2\/pages\/71"}],"collection":[{"href":"https:\/\/www.mecpro.de\/index.php?rest_route=\/wp\/v2\/pages"}],"about":[{"href":"https:\/\/www.mecpro.de\/index.php?rest_route=\/wp\/v2\/types\/page"}],"author":[{"embeddable":true,"href":"https:\/\/www.mecpro.de\/index.php?rest_route=\/wp\/v2\/users\/3"}],"replies":[{"embeddable":true,"href":"https:\/\/www.mecpro.de\/index.php?rest_route=%2Fwp%2Fv2%2Fcomments&post=71"}],"version-history":[{"count":9,"href":"https:\/\/www.mecpro.de\/index.php?rest_route=\/wp\/v2\/pages\/71\/revisions"}],"predecessor-version":[{"id":1003,"href":"https:\/\/www.mecpro.de\/index.php?rest_route=\/wp\/v2\/pages\/71\/revisions\/1003"}],"up":[{"embeddable":true,"href":"https:\/\/www.mecpro.de\/index.php?rest_route=\/wp\/v2\/pages\/28"}],"wp:attachment":[{"href":"https:\/\/www.mecpro.de\/index.php?rest_route=%2Fwp%2Fv2%2Fmedia&parent=71"}],"curies":[{"name":"wp","href":"https:\/\/api.w.org\/{rel}","templated":true}]}}