{"id":732,"date":"2016-10-14T18:07:36","date_gmt":"2016-10-14T16:07:36","guid":{"rendered":"https:\/\/www.mecpro.de\/?page_id=732"},"modified":"2016-10-14T18:08:49","modified_gmt":"2016-10-14T16:08:49","slug":"arbeitspaket-15","status":"publish","type":"page","link":"https:\/\/www.mecpro.de\/?page_id=732","title":{"rendered":"Arbeitspaket #15"},"content":{"rendered":"<h2>Integration des Produkt-Prozess-Ressource-Modells auf Basis von SysML<\/h2>\n<h3>Zielstellung:<\/h3>\n<p>Im Fokus dieses Arbeitspakets steht die Zusammenf\u00fchrung von cybertronischen Produkten (CTP) und Produktionssystemen (CTPS). Das Hauptziel dabei ist die Erarbeitung eines integrierten Modells aus Beschreibungssystematik und Prozessrahmenwerk, welches alle Prozesse zur Entwicklung von CTP und CTPS beinhaltet.\u00a0 Weiterhin sollen die Schnittstellen zwischen der Produkt- und der Produktionssystementwicklung identifiziert und durch neue Prozesse in das integrierte Modell eingearbeitet werden. Weiterhin sollen die Ergebnisse anhand eines Anwendungsszenarios validiert werden.<\/p>\n<h3>Ergebnisse:<\/h3>\n<h4><strong>Integration von Beschreibungssystematik und Prozessrahmenwerk<\/strong><\/h4>\n<p>F\u00fcr die Integration des Prozessrahmenwerks mit der Beschreibungssystematik (jeweils f\u00fcr CTP und CTPS) wurde ein Konzept erarbeitet, dass auf den Beteiligten im Entwicklungsprozess, bzw. ihren Prozessrollen und ihren definierten Sichten (Views), die sie verwenden, basiert (siehe Abbildung 1). Das Prozessrahmenwerk besteht aus Prozessaktivit\u00e4ten, die in einem Aktivit\u00e4ten-Verzeichnis abgebildet sind und Views verwenden. Jede Aktivit\u00e4t verf\u00fcgt \u00fcber eine verantwortliche Prozessrolle, die die jeweilige Aktivit\u00e4t ausf\u00fchrt. Alle Prozessrollen sind ebenfalls in einem Verzeichnis abgebildet. Die Prozessrollen nutzen dabei die Informationen der Beschreibungssystematik und haben definierte Sichten (Views) auf die Beschreibungssystematik bzw. die Ontologie.<span style=\"line-height: 1.5;\"><br \/>\n<a href=\"https:\/\/www.mecpro.de\/wp-content\/uploads\/2016\/10\/5.3-1.png\"><img loading=\"lazy\" class=\"aligncenter size-large wp-image-733\" src=\"https:\/\/www.mecpro.de\/wp-content\/uploads\/2016\/10\/5.3-1-1024x645.png\" alt=\"5-3-1\" width=\"1024\" height=\"645\" srcset=\"https:\/\/www.mecpro.de\/wp-content\/uploads\/2016\/10\/5.3-1-1024x645.png 1024w, https:\/\/www.mecpro.de\/wp-content\/uploads\/2016\/10\/5.3-1-300x189.png 300w, https:\/\/www.mecpro.de\/wp-content\/uploads\/2016\/10\/5.3-1-768x484.png 768w, https:\/\/www.mecpro.de\/wp-content\/uploads\/2016\/10\/5.3-1.png 1224w\" sizes=\"(max-width: 1024px) 100vw, 1024px\" \/><\/a><\/span><\/p>\n<p style=\"text-align: center;\">Abbildung 1: Ontologie\/Modell zur Integration von Beschreibungssystematik und Prozessrahmenwerk<\/p>\n<p>Weiterhin wurden f\u00fcr die Entwicklung von CTPS eine Systemebene und neue Fachdisziplinen definiert.<\/p>\n<h4><strong>Konzept zur Integration von CTP und CTPS<\/strong><\/h4>\n<p>Die Planung des CTPS baut auf Informationen der CTP-Entwicklung auf. Zwischen der CTP- und der CTPS-Entwicklung existiert eine Vielzahl von Schnittstellen, wie z. B. die Abstimmung erster prinzipieller L\u00f6sungen, die \u00dcbergabe von Produktvarianten oder die R\u00fcckmeldung des CTPS \u00fcber die Herstellbarkeit. Die erste Schnittstelle ist der \u00dcbergang vom CTP- zum CTPS-Modell, der in diesem Arbeitspaket durch die \u00dcbergabe einer ersten Strukturierung des Produktes an die Produktionssystemplanung realisiert wurde. Basis daf\u00fcr ist die modellbasierte Beschreibung des CTP durch spezifische, produktionsbezogene Produktmerkmale, die die Struktur des Produktes in einem Blockdefinitionsdiagramm abbilden. Produktmerkmale sind f\u00fcr die Produktion eines Produktes relevante Eigenschaften, die mindestens einen Produktionsprozess erfordern, wie z. B. \u201eLoch\u201c oder \u201eSchraubverbindung\u201c. Sie sind in der ersten Iteration der Systemebene des CTP in einem niedrigen Detailierungsgrad beschrieben, werden jedoch mit jeder weiteren Iteration konkretisiert. Aufbauend auf den Produktmerkmalen werden durch die Produktionssystemplanung Produktionsprozesse definiert (siehe Abbildung 2, Schritt \u2460), die abstrakt und m\u00f6glichst l\u00f6sungsneutral die Erzeugung eines Produktmerkmals (z. B. \u201eLoch hinzuf\u00fcgen\u201c, \u201eSchraubverbindung erzeugen\u201c) beschreiben. Im Weiteren Verlauf der Produktionssystemplanung werden die Produktionsprozesse detailliert, Produktionsverfahren identifiziert und auf deren Basis Ressourcen ausgew\u00e4hlt, die \u00fcber die F\u00e4higkeiten verf\u00fcgen, die Produktionsprozesse durchzuf\u00fchren (siehe Abbildung 2, Schritt \u2461-\u2465).<\/p>\n<p style=\"text-align: center;\"><a href=\"https:\/\/www.mecpro.de\/wp-content\/uploads\/2016\/10\/5.3-2.png\"><img loading=\"lazy\" class=\"aligncenter size-large wp-image-734\" src=\"https:\/\/www.mecpro.de\/wp-content\/uploads\/2016\/10\/5.3-2-1024x618.png\" alt=\"5-3-2\" width=\"1024\" height=\"618\" srcset=\"https:\/\/www.mecpro.de\/wp-content\/uploads\/2016\/10\/5.3-2-1024x618.png 1024w, https:\/\/www.mecpro.de\/wp-content\/uploads\/2016\/10\/5.3-2-300x181.png 300w, https:\/\/www.mecpro.de\/wp-content\/uploads\/2016\/10\/5.3-2-768x464.png 768w, https:\/\/www.mecpro.de\/wp-content\/uploads\/2016\/10\/5.3-2.png 1217w\" sizes=\"(max-width: 1024px) 100vw, 1024px\" \/><\/a><\/p>\n<p style=\"text-align: center;\">Abbildung 2: Konzept zur Integration von\u00a0 CTP- und CTPS-Entwicklung<\/p>\n<p style=\"text-align: left;\">Zur Umsetzung des Konzeptes wurden sowohl auf CTP- wie auch auf CTPS-Seite neue Prozesse und Views definiert. Die Produktmerkmale im CTP-Modell k\u00f6nnen sowohl schon sehr fr\u00fch auf der Kontextebene auf Basis bekannter externer Schnittstellen des Systems als auch auf der technischen L\u00f6sungsebene beschrieben werden.<\/p>\n<p>F\u00fcr eine Wiederverwendung im Entwicklungsprozess wurden weiterhin f\u00fcr alle beteiligten Elemente Bibliotheken definiert (siehe Abbildung 3).<\/p>\n<p><a href=\"https:\/\/www.mecpro.de\/wp-content\/uploads\/2016\/10\/5.3-3.png\"><img loading=\"lazy\" class=\"aligncenter size-large wp-image-735\" src=\"https:\/\/www.mecpro.de\/wp-content\/uploads\/2016\/10\/5.3-3-1024x613.png\" alt=\"5-3-3\" width=\"1024\" height=\"613\" srcset=\"https:\/\/www.mecpro.de\/wp-content\/uploads\/2016\/10\/5.3-3-1024x613.png 1024w, https:\/\/www.mecpro.de\/wp-content\/uploads\/2016\/10\/5.3-3-300x180.png 300w, https:\/\/www.mecpro.de\/wp-content\/uploads\/2016\/10\/5.3-3-768x460.png 768w, https:\/\/www.mecpro.de\/wp-content\/uploads\/2016\/10\/5.3-3.png 1222w\" sizes=\"(max-width: 1024px) 100vw, 1024px\" \/><\/a><\/p>\n<p style=\"text-align: center;\">Abbildung 3: Bibliotheken und Kataloge<\/p>\n<p>Das erarbeitete Konzept wurde anhand des Anwendungsszenarios \u201eZylinderkopfproduktion\u201c validiert.<\/p>\n","protected":false},"excerpt":{"rendered":"<p>Integration des Produkt-Prozess-Ressource-Modells auf Basis von SysML Zielstellung: Im Fokus dieses Arbeitspakets steht die Zusammenf\u00fchrung von cybertronischen Produkten (CTP) und Produktionssystemen (CTPS). Das Hauptziel dabei ist die Erarbeitung eines integrierten Modells aus Beschreibungssystematik und Prozessrahmenwerk, welches alle Prozesse zur Entwicklung von CTP und CTPS beinhaltet.\u00a0 Weiterhin sollen die Schnittstellen zwischen der Produkt- und der Produktionssystementwicklung [&hellip;]<\/p>\n","protected":false},"author":3,"featured_media":0,"parent":435,"menu_order":0,"comment_status":"closed","ping_status":"closed","template":"","meta":[],"_links":{"self":[{"href":"https:\/\/www.mecpro.de\/index.php?rest_route=\/wp\/v2\/pages\/732"}],"collection":[{"href":"https:\/\/www.mecpro.de\/index.php?rest_route=\/wp\/v2\/pages"}],"about":[{"href":"https:\/\/www.mecpro.de\/index.php?rest_route=\/wp\/v2\/types\/page"}],"author":[{"embeddable":true,"href":"https:\/\/www.mecpro.de\/index.php?rest_route=\/wp\/v2\/users\/3"}],"replies":[{"embeddable":true,"href":"https:\/\/www.mecpro.de\/index.php?rest_route=%2Fwp%2Fv2%2Fcomments&post=732"}],"version-history":[{"count":2,"href":"https:\/\/www.mecpro.de\/index.php?rest_route=\/wp\/v2\/pages\/732\/revisions"}],"predecessor-version":[{"id":738,"href":"https:\/\/www.mecpro.de\/index.php?rest_route=\/wp\/v2\/pages\/732\/revisions\/738"}],"up":[{"embeddable":true,"href":"https:\/\/www.mecpro.de\/index.php?rest_route=\/wp\/v2\/pages\/435"}],"wp:attachment":[{"href":"https:\/\/www.mecpro.de\/index.php?rest_route=%2Fwp%2Fv2%2Fmedia&parent=732"}],"curies":[{"name":"wp","href":"https:\/\/api.w.org\/{rel}","templated":true}]}}