{"id":92,"date":"2013-07-04T14:32:09","date_gmt":"2013-07-04T12:32:09","guid":{"rendered":"http:\/\/www.mecpro.de\/?page_id=92"},"modified":"2017-07-04T11:24:46","modified_gmt":"2017-07-04T09:24:46","slug":"em-engineering-methods-ag","status":"publish","type":"page","link":"https:\/\/www.mecpro.de\/?page_id=92","title":{"rendered":":em engineering methods AG"},"content":{"rendered":"<p><a href=\"http:\/\/www.mecpro.de\/wp-content\/uploads\/2013\/07\/logo_em.png\"><img loading=\"lazy\" class=\"alignright size-full wp-image-316\" src=\"http:\/\/www.mecpro.de\/wp-content\/uploads\/2013\/07\/logo_em.png\" alt=\"Logo der :em AG\" width=\"300\" height=\"84\" \/><\/a>Die :em engineering methods AG, kurz :em AG, entwickelt und vermittelt innovative Methoden der Produktentwicklung und verf\u00fcgt als Integrator von IT-Systemen im Produktentstehungsprozess \u00fcber ein umfassendes Leistungsangebot f\u00fcr Hersteller, Zulieferer und Ingenieurdienstleister. Hohe Kompetenzen in den Bereichen Prozesse, Methoden und Technologien nutzt die :em AG bei der Konzeption, Entwicklung und Umsetzung von integrierten und leistungsoptimierten L\u00f6sungen f\u00fcr den gesamten Produktlebenszyklus. Die Mitarbeiter der :em AG greifen dabei auf langj\u00e4hrige branchen\u00fcbergreifende Erfahrungen in der Planung und Durchf\u00fchrung von Projekten im Maschinen- und Anlagenbau, der Automobil- und Zuliefererindustrie sowie der Luft- und Raumfahrttechnik zur\u00fcck.<\/p>\n<h5><b>Erfahrungen der :em AG<\/b><\/h5>\n<p>Die :em AG kann auf mehrj\u00e4hrige Erfahrungen in der Datenmodellentwicklung (u. A. STEP AP 214, MechaSTEP (PAS 1013), EDMD Schema, CAE-Services ) und Systemintegration mit unterschiedlichen PDM-\/PLM-Systemen (u. A. Teamcenter, SmarTeam, ENOVIA) zur\u00fcckgreifen. Im Bereich der Systemintegration hat sich die :em AG schon fr\u00fch mit der Integration interdisziplin\u00e4rer Anwendungssysteme im Rahmen der mechatronischen Produktentwicklung besch\u00e4ftigt. Dies zeigen z.B. die Dissertation der :em Gr\u00fcnder Sven Kleiner (2003): \u201eF\u00f6deratives Informationsmodell zur Systemintegration f\u00fcr die Entwicklung mechatronischer Produkte\u201c und Marcus Krastel (2002): \u201eIntegration multidisziplin\u00e4rer Simulations- und Berechnungsmodelle in PDM-Systeme\u201d. Die :em AG ist seit Jahren im Bereich Systems Engineering aktiv und kann Erfahrungen sowohl in einem integrierten als auch in einem f\u00f6derativen Ansatz zur disziplin\u00fcbergreifenden Verkn\u00fcpfung der Systeminformationen vorweisen.<\/p>\n<p>Ferner ist die :em AG Mitglied in der GfSE (Gesellschaft f\u00fcr Systems Engineering) und aktiv in der Projektgruppe \u201eSmart Systems Engineering\u201c im ProSTEP iViP als Dienstleister t\u00e4tig.<\/p>\n<h5><b>Beitrag und Ziele im Verbundprojekt<\/b><\/h5>\n<p>F\u00fcr die :em engineering methods AG ist das Ziel im beantragten Vorhaben die Entwicklung eines standardisierten und modellbasierten Vorgehensmodelles zur Entwicklung von CTP und CTPS. Die Standardisierung soll dabei die drei Komponenten:<\/p>\n<ul>\n<li>Prozessstandardisierung (Referenzprozess),<\/li>\n<li>Methodenstandardisierung (MBSE-Methode) und<\/li>\n<li>Datenstandardisierung (Datenmodell)<\/li>\n<\/ul>\n<p>beinhalten.<\/p>\n<p>Die Arbeitsschwerpunkte der :em AG sind:<\/p>\n<ul>\n<li>Analyse der Anforderungen an die Entwicklung cybertronischer Produkte und Produktionssysteme auf Basis von definierten Anwendungsbeispielen,<\/li>\n<li>Entwicklung eines Konzepts zur Modellverwaltung und Spezifikation eines Datenmodells,<\/li>\n<li>Umsetzung durch Software-Demonstratoren innerhalb einer PDM Infrastruktur, sowie Verifizierung anhand der analysierten Anwendungsf\u00e4lle.<\/li>\n<\/ul>\n<p>Als Ergebnis plant die :em AG einerseits die Generierung neuer Dienstleistungsprodukte zur Effizienzsteigerung in multidisziplin\u00e4ren Entwicklungsprojekten und andererseits die Umsetzung von L\u00f6sungen zur modellbasierten Systemintegration. Dabei ist auch die Entwicklung und Vermarktung von Software-Werkzeugen innerhalb oder zus\u00e4tzlich zu den existierenden PDM-\/PLM-L\u00f6sungen vorgesehen.<\/p>\n<p style=\"text-align: center;\">\u00a0<a href=\"http:\/\/www.mecpro.de\/wp-content\/uploads\/2013\/07\/em_Bild_mecPro.png\"><img loading=\"lazy\" class=\" wp-image-313 aligncenter\" src=\"http:\/\/www.mecpro.de\/wp-content\/uploads\/2013\/07\/em_Bild_mecPro-1024x766.png\" alt=\"Einordnung mecPro\u00b2 bei :em\" width=\"819\" height=\"613\" srcset=\"https:\/\/www.mecpro.de\/wp-content\/uploads\/2013\/07\/em_Bild_mecPro-1024x766.png 1024w, https:\/\/www.mecpro.de\/wp-content\/uploads\/2013\/07\/em_Bild_mecPro-300x224.png 300w, https:\/\/www.mecpro.de\/wp-content\/uploads\/2013\/07\/em_Bild_mecPro.png 1286w\" sizes=\"(max-width: 819px) 100vw, 819px\" \/><\/a><\/p>\n","protected":false},"excerpt":{"rendered":"<p>Die :em engineering methods AG, kurz :em AG, entwickelt und vermittelt innovative Methoden der Produktentwicklung und verf\u00fcgt als Integrator von IT-Systemen im Produktentstehungsprozess \u00fcber ein umfassendes Leistungsangebot f\u00fcr Hersteller, Zulieferer und Ingenieurdienstleister. Hohe Kompetenzen in den Bereichen Prozesse, Methoden und Technologien nutzt die :em AG bei der Konzeption, Entwicklung und Umsetzung von integrierten und leistungsoptimierten [&hellip;]<\/p>\n","protected":false},"author":3,"featured_media":0,"parent":28,"menu_order":0,"comment_status":"closed","ping_status":"closed","template":"","meta":[],"_links":{"self":[{"href":"https:\/\/www.mecpro.de\/index.php?rest_route=\/wp\/v2\/pages\/92"}],"collection":[{"href":"https:\/\/www.mecpro.de\/index.php?rest_route=\/wp\/v2\/pages"}],"about":[{"href":"https:\/\/www.mecpro.de\/index.php?rest_route=\/wp\/v2\/types\/page"}],"author":[{"embeddable":true,"href":"https:\/\/www.mecpro.de\/index.php?rest_route=\/wp\/v2\/users\/3"}],"replies":[{"embeddable":true,"href":"https:\/\/www.mecpro.de\/index.php?rest_route=%2Fwp%2Fv2%2Fcomments&post=92"}],"version-history":[{"count":7,"href":"https:\/\/www.mecpro.de\/index.php?rest_route=\/wp\/v2\/pages\/92\/revisions"}],"predecessor-version":[{"id":996,"href":"https:\/\/www.mecpro.de\/index.php?rest_route=\/wp\/v2\/pages\/92\/revisions\/996"}],"up":[{"embeddable":true,"href":"https:\/\/www.mecpro.de\/index.php?rest_route=\/wp\/v2\/pages\/28"}],"wp:attachment":[{"href":"https:\/\/www.mecpro.de\/index.php?rest_route=%2Fwp%2Fv2%2Fmedia&parent=92"}],"curies":[{"name":"wp","href":"https:\/\/api.w.org\/{rel}","templated":true}]}}