{"id":927,"date":"2017-01-26T17:46:00","date_gmt":"2017-01-26T15:46:00","guid":{"rendered":"https:\/\/www.mecpro.de\/?page_id=927"},"modified":"2017-01-26T17:51:41","modified_gmt":"2017-01-26T15:51:41","slug":"arbeitspaket-20","status":"publish","type":"page","link":"https:\/\/www.mecpro.de\/?page_id=927","title":{"rendered":"Arbeitspaket #20"},"content":{"rendered":"<h2>Demonstrator 2 &#8211; Kollaborative Entwicklung cybertronischer Produkte und Produktionssysteme<\/h2>\n<h3>Zielstellung:<\/h3>\n<p>Das Ziel von Demonstrator 2 ist es aufzuzeigen, wie die kollaborative Entwicklung cybertronischer Produkte (CTP) und cybertronischer Produktionssysteme (CTPS) mithilfe des entwickelten mecPro\u00b2-Prozessrahmenwerks, der Beschreibungssystematik und verschiedener Softwarewerkzeuge umgesetzt werden kann. Dies wird anhand f\u00fcnf ausgew\u00e4hlter Use Cases in Form von Szenen beschrieben. Grundlage der Use Cases ist das mecPro\u00b2-Prozessrahmenwerk. Durch die Verwendung der gemeinsamen Beschreibungssystematik von mecPro\u00b2 f\u00fcr CTP und CTPS werden die Arbeitsinhalte und deren Prozessschritte auf einem gemeinsamen Systemmodell abgebildet. Durch die Nutzung eines PLM-Systems wird sowohl die Kollaboration der beteiligten Disziplinen als auch die Kollaboration von CTP-Entwicklung und CTPS-Planung sowie die Integration unterschiedlicher Autorentools f\u00fcr die Bearbeitung des Systemmodells erm\u00f6glicht.<\/p>\n<h3>Kontext:<\/h3>\n<p>Das in mecPro\u00b2 betrachtete Anwendungsszenario 2 umfasst das cybertronische Produktionssystem \u201eZylinderkopfproduktion\u201c, das ein Teilproduktionssystem der \u201ecybertronischen Motorenproduktion\u201c darstellt. Das Anwendungsszenario umfasst die Produktion von Zylinderk\u00f6pfen mit dem Fokus auf Fertigung, Montage und Qualit\u00e4tskontrolle. Die Skalierbarkeit des Ansatzes im Sinne eines Systems-of-Systems-Gedankens wurde im Projekt untersucht. Es kann davon ausgegangen werden, dass die Skalierbarkeit gegeben ist.<\/p>\n<p><img loading=\"lazy\" class=\"aligncenter size-full wp-image-934\" src=\"https:\/\/www.mecpro.de\/wp-content\/uploads\/2017\/01\/20-1.png\" alt=\"\" width=\"604\" height=\"299\" srcset=\"https:\/\/www.mecpro.de\/wp-content\/uploads\/2017\/01\/20-1.png 604w, https:\/\/www.mecpro.de\/wp-content\/uploads\/2017\/01\/20-1-300x149.png 300w\" sizes=\"(max-width: 604px) 100vw, 604px\" \/><\/p>\n<p>F\u00fcr die beispielhafte Umsetzung werden die folgenden IT-Werkzeuge verwendet: Zur Erstellung von Systemmodellen auf Basis der SysML im Rahmen der Anwendung des mecPro\u00b2-Prozessrahmenwerks wird der Cameo Systems Modeler 18.1 eingesetzt. Zur Verwaltung der Produkt- und Produktionssystemdatenmodelle wird Teamcenter 11.2.1 verwendet. Zus\u00e4tzlich kommen Active Workspace 3.0 f\u00fcr die Bearbeitung von Informationen in einer HTML5 Umgebung sowie Tecnomatix Plant Simulation 12.2 mit dem Simulationsmodell zum Einsatz.<\/p>\n<p style=\"text-align: center;\"><img loading=\"lazy\" class=\"aligncenter size-full wp-image-933\" src=\"https:\/\/www.mecpro.de\/wp-content\/uploads\/2017\/01\/20-2.png\" alt=\"\" width=\"596\" height=\"217\" srcset=\"https:\/\/www.mecpro.de\/wp-content\/uploads\/2017\/01\/20-2.png 596w, https:\/\/www.mecpro.de\/wp-content\/uploads\/2017\/01\/20-2-300x109.png 300w\" sizes=\"(max-width: 596px) 100vw, 596px\" \/><\/p>\n<p>Der Demonstrator 2 betrachtet die Planung von CTPS sowie die Informations\u00fcbergabe aus der CTP-Entwicklung in diese. Dies anhand von f\u00fcnf Szenen illustriert. Die f\u00fcnf Szenen spielen sich alle auf der neu beschriebenen Systemebene der CTPS-Planung ab, sodass insbesondere die fr\u00fchen Planungsphasen besondere Ber\u00fccksichtigung finden. Die f\u00fcnf Szenen sind nachfolgend aufgef\u00fchrt:<\/p>\n<p style=\"text-align: center;\"><a href=\"https:\/\/www.mecpro.de\/wp-content\/uploads\/2017\/01\/20-3.png\"><img loading=\"lazy\" class=\"aligncenter size-full wp-image-936\" src=\"https:\/\/www.mecpro.de\/wp-content\/uploads\/2017\/01\/20-3.png\" alt=\"\" width=\"591\" height=\"201\" srcset=\"https:\/\/www.mecpro.de\/wp-content\/uploads\/2017\/01\/20-3.png 591w, https:\/\/www.mecpro.de\/wp-content\/uploads\/2017\/01\/20-3-300x102.png 300w\" sizes=\"(max-width: 591px) 100vw, 591px\" \/><\/a><\/p>\n<p><strong>Szene 1<\/strong> &#8211;\u00a0\u00a0 Integration des CTP Entwicklung und der CTPS Planung<br \/>\n<strong>Szene 2<\/strong> &#8211; \u00a0 Planung des Produktionsprogramms<br \/>\n<strong>Szene 3<\/strong> &#8211; \u00a0 Erste simulative \u00dcberpr\u00fcfung der Produzierbarkeit des zuk\u00fcnftigen Produktionsprogramms<br \/>\n<strong>Szene 4<\/strong> &#8211; \u00a0 Ableitung erster technischer Verfahren f\u00fcr Fertigung, Montage und Logistik<br \/>\n<strong>Szene 5<\/strong> &#8211; \u00a0 Ressourcen ausw\u00e4hlen, spezifizieren und Abl\u00e4ufe optimieren<\/p>\n<p style=\"text-align: center;\"><a href=\"https:\/\/www.mecpro.de\/wp-content\/uploads\/2017\/01\/20-4.png\"><img loading=\"lazy\" class=\"aligncenter size-full wp-image-935\" src=\"https:\/\/www.mecpro.de\/wp-content\/uploads\/2017\/01\/20-4.png\" alt=\"\" width=\"604\" height=\"529\" srcset=\"https:\/\/www.mecpro.de\/wp-content\/uploads\/2017\/01\/20-4.png 604w, https:\/\/www.mecpro.de\/wp-content\/uploads\/2017\/01\/20-4-300x263.png 300w\" sizes=\"(max-width: 604px) 100vw, 604px\" \/><\/a><\/p>\n<h3>Ergebnisse:<\/h3>\n<p>Im Ergebnis des mecPro\u00b2 Projektes und als Ergebnis des Demonstrator 2 wird gezeigt, wie man standardisiert, nachvollziehbar und \u00fcber verst\u00e4ndliche Zwischenschritte die Anforderungen des Produktes (Produktmerkmal) und die Anforderungen an das Produktionsprogramm (Produktionsprogramm f\u00fcr Zeitraum) in einen zugeh\u00f6rigen Produktionsprozess \u00fcberf\u00fchren kann. Der Demonstrator 2 nachvollzieht hierbei diesen Engineering Prozess des Produktionssystems bis auf die Struktur- und Steuerungsebene der Systembeschreibung des CTPS.<\/p>\n<p>Bereits auf einer hohen Abstraktionsebene wie der Kontextebene des CTPS kann das Wissen \u00fcber das neue Produktionssystem, in Kombination mit den digitalen Daten eines bestehenden Produktionssystems, Aussagen \u00fcber die technische Machbarkeit (Umsetzung der Produktanforderungen) und die Realisierung des Produktionszieles mittels Simulation erm\u00f6glichen. Erste Schlussfolgerungen f\u00fcr die weitere Gestaltung des Produktionsprozesses und den Grad der Wiederverwendung des bestehenden Produktionssystems sind alternativ bewertbar.<\/p>\n<p>Eine weitere Detaillierung des Wissens \u00fcber das neu zu gestalteten Produktionssystem \u00fcber die Verfahrenebene bis hin zur Struktur- und Steuerungsebene erlaubt dann eine genauere alternative logistische Bewertung von Durchlaufzeiten, Energieverbr\u00e4uchen, Maschinenauslastung etc.<\/p>\n<p>Die Architektur des Demonstrators 2\u00a0 ist geeignet die Nachvollziehbarkeit des Prozesses zu gew\u00e4hrleisten. Die Kollaboration von verschieden Rollen mit unterschiedlichen Autorenwerkzeugen kann bei Erhaltung der Konsistenz der Information erm\u00f6glicht werden.<\/p>\n","protected":false},"excerpt":{"rendered":"<p>Demonstrator 2 &#8211; Kollaborative Entwicklung cybertronischer Produkte und Produktionssysteme Zielstellung: Das Ziel von Demonstrator 2 ist es aufzuzeigen, wie die kollaborative Entwicklung cybertronischer Produkte (CTP) und cybertronischer Produktionssysteme (CTPS) mithilfe des entwickelten mecPro\u00b2-Prozessrahmenwerks, der Beschreibungssystematik und verschiedener Softwarewerkzeuge umgesetzt werden kann. Dies wird anhand f\u00fcnf ausgew\u00e4hlter Use Cases in Form von Szenen beschrieben. Grundlage der [&hellip;]<\/p>\n","protected":false},"author":3,"featured_media":0,"parent":435,"menu_order":0,"comment_status":"closed","ping_status":"closed","template":"","meta":[],"_links":{"self":[{"href":"https:\/\/www.mecpro.de\/index.php?rest_route=\/wp\/v2\/pages\/927"}],"collection":[{"href":"https:\/\/www.mecpro.de\/index.php?rest_route=\/wp\/v2\/pages"}],"about":[{"href":"https:\/\/www.mecpro.de\/index.php?rest_route=\/wp\/v2\/types\/page"}],"author":[{"embeddable":true,"href":"https:\/\/www.mecpro.de\/index.php?rest_route=\/wp\/v2\/users\/3"}],"replies":[{"embeddable":true,"href":"https:\/\/www.mecpro.de\/index.php?rest_route=%2Fwp%2Fv2%2Fcomments&post=927"}],"version-history":[{"count":6,"href":"https:\/\/www.mecpro.de\/index.php?rest_route=\/wp\/v2\/pages\/927\/revisions"}],"predecessor-version":[{"id":938,"href":"https:\/\/www.mecpro.de\/index.php?rest_route=\/wp\/v2\/pages\/927\/revisions\/938"}],"up":[{"embeddable":true,"href":"https:\/\/www.mecpro.de\/index.php?rest_route=\/wp\/v2\/pages\/435"}],"wp:attachment":[{"href":"https:\/\/www.mecpro.de\/index.php?rest_route=%2Fwp%2Fv2%2Fmedia&parent=927"}],"curies":[{"name":"wp","href":"https:\/\/api.w.org\/{rel}","templated":true}]}}