{"id":96,"date":"2013-07-04T14:33:07","date_gmt":"2013-07-04T12:33:07","guid":{"rendered":"http:\/\/www.mecpro.de\/?page_id=96"},"modified":"2017-07-04T11:25:30","modified_gmt":"2017-07-04T09:25:30","slug":"daimler-ag","status":"publish","type":"page","link":"https:\/\/www.mecpro.de\/?page_id=96","title":{"rendered":"Daimler AG"},"content":{"rendered":"<h5>Daimler AG<\/h5>\n<p><strong>Profil:<a href=\"https:\/\/www.mecpro.de\/wp-content\/uploads\/2013\/07\/daimler-logo.png\"><img loading=\"lazy\" class=\"size-medium wp-image-662 alignright\" src=\"https:\/\/www.mecpro.de\/wp-content\/uploads\/2013\/07\/daimler-logo-300x124.png\" alt=\"daimler-logo\" width=\"300\" height=\"124\" srcset=\"https:\/\/www.mecpro.de\/wp-content\/uploads\/2013\/07\/daimler-logo-300x124.png 300w, https:\/\/www.mecpro.de\/wp-content\/uploads\/2013\/07\/daimler-logo.png 606w\" sizes=\"(max-width: 300px) 100vw, 300px\" \/><\/a><\/strong><\/p>\n<p>Die Daimler AG gilt als einer der erfolgreichsten Automobilunternehmen der Welt. Mit den Gesch\u00e4ftsfeldern Mercedes-Benz Cars, Daimler Trucks, Mercedes-Benz Vans, Daimler Buses und Daimler Financial Services geh\u00f6rt die Daimler AG zu den gr\u00f6\u00dften Anbietern von Premium-Pkw und ist der gr\u00f6\u00dfte weltweit aufgestellte Nutzfahrzeughersteller. Daimler Financial Services bietet Finanzierung, Leasing, Flottenmanagement, Versicherungen, Geldanlagen und Kreditkarten sowie innovative Mobilit\u00e4tsdienstleistungen an.<\/p>\n<p><strong>Marken und Vision:<\/strong><\/p>\n<p>Daimler vertreibt seine Fahrzeuge und Dienstleistungen in nahezu allen L\u00e4ndern der Welt und hat Produktionsst\u00e4tten in Europa, Nord- und S\u00fcdamerika, Asien und Afrika. Zum heutigen Markenportfolio z\u00e4hlen neben Mercedes-Benz, der wertvollsten Premium-Automobilmarke der Welt, sowie Mercedes-AMG und Mercedes-Maybach, die Marken smart, Freightliner, Western Star, BharatBenz, Fuso, Setra, Thomas Built Buses, moovel und car2go. Das Unternehmen ist an den B\u00f6rsen Frankfurt und Stuttgart notiert (B\u00f6rsenk\u00fcrzel DAI). Im Jahr 2015 setzte der Konzern mit insgesamt 284.015 Mitarbeitern mehr als 2,8 Mio. Fahrzeuge ab. Der Umsatz lag bei 149,5 Mrd. \u20ac, das EBIT betrug 13,2 Mrd. \u20ac.<\/p>\n<p><a href=\"https:\/\/www.mecpro.de\/wp-content\/uploads\/2013\/07\/Daimler_Bild1.png\"><img loading=\"lazy\" class=\"aligncenter wp-image-664 size-medium\" src=\"https:\/\/www.mecpro.de\/wp-content\/uploads\/2013\/07\/Daimler_Bild1-300x155.png\" alt=\"Daimler_Bild1\" width=\"300\" height=\"155\" srcset=\"https:\/\/www.mecpro.de\/wp-content\/uploads\/2013\/07\/Daimler_Bild1-300x155.png 300w, https:\/\/www.mecpro.de\/wp-content\/uploads\/2013\/07\/Daimler_Bild1-768x398.png 768w, https:\/\/www.mecpro.de\/wp-content\/uploads\/2013\/07\/Daimler_Bild1.png 927w\" sizes=\"(max-width: 300px) 100vw, 300px\" \/><\/a><\/p>\n<p>Die zunehmende Bedeutung der digitalen Transformation auch hin zu modellbasierten Methoden im Kontext der Herausforderungen von Industrie 4.0 im Automobilbereich besch\u00e4ftigt unterschiedliche Gesch\u00e4ftsbereiche innerhalb der Daimler AG. Ein Engagement in mecPro\u00b2 zur Handhabung dieser Herausforderungen erm\u00f6glicht dabei neue M\u00f6glichkeiten, aktuelle Forschung in die industrielle Praxis zu \u00fcberf\u00fchren.<\/p>\n<p><a href=\"https:\/\/www.mecpro.de\/wp-content\/uploads\/2013\/07\/Daimler_Bild2.png\"><img loading=\"lazy\" class=\"aligncenter size-medium wp-image-665\" src=\"https:\/\/www.mecpro.de\/wp-content\/uploads\/2013\/07\/Daimler_Bild2-300x151.png\" alt=\"Daimler_Bild2\" width=\"300\" height=\"151\" srcset=\"https:\/\/www.mecpro.de\/wp-content\/uploads\/2013\/07\/Daimler_Bild2-300x151.png 300w, https:\/\/www.mecpro.de\/wp-content\/uploads\/2013\/07\/Daimler_Bild2-768x386.png 768w, https:\/\/www.mecpro.de\/wp-content\/uploads\/2013\/07\/Daimler_Bild2-1024x514.png 1024w, https:\/\/www.mecpro.de\/wp-content\/uploads\/2013\/07\/Daimler_Bild2.png 1075w\" sizes=\"(max-width: 300px) 100vw, 300px\" \/><\/a><\/p>\n<p>&nbsp;<\/p>\n<p>Weitere Informationen finden Sie unter: <a href=\"http:\/\/www.daimler.com\">www.daimler.com<\/a><\/p>\n","protected":false},"excerpt":{"rendered":"<p>Daimler AG Profil: Die Daimler AG gilt als einer der erfolgreichsten Automobilunternehmen der Welt. Mit den Gesch\u00e4ftsfeldern Mercedes-Benz Cars, Daimler Trucks, Mercedes-Benz Vans, Daimler Buses und Daimler Financial Services geh\u00f6rt die Daimler AG zu den gr\u00f6\u00dften Anbietern von Premium-Pkw und ist der gr\u00f6\u00dfte weltweit aufgestellte Nutzfahrzeughersteller. Daimler Financial Services bietet Finanzierung, Leasing, Flottenmanagement, Versicherungen, Geldanlagen [&hellip;]<\/p>\n","protected":false},"author":3,"featured_media":0,"parent":28,"menu_order":0,"comment_status":"closed","ping_status":"closed","template":"","meta":[],"_links":{"self":[{"href":"https:\/\/www.mecpro.de\/index.php?rest_route=\/wp\/v2\/pages\/96"}],"collection":[{"href":"https:\/\/www.mecpro.de\/index.php?rest_route=\/wp\/v2\/pages"}],"about":[{"href":"https:\/\/www.mecpro.de\/index.php?rest_route=\/wp\/v2\/types\/page"}],"author":[{"embeddable":true,"href":"https:\/\/www.mecpro.de\/index.php?rest_route=\/wp\/v2\/users\/3"}],"replies":[{"embeddable":true,"href":"https:\/\/www.mecpro.de\/index.php?rest_route=%2Fwp%2Fv2%2Fcomments&post=96"}],"version-history":[{"count":5,"href":"https:\/\/www.mecpro.de\/index.php?rest_route=\/wp\/v2\/pages\/96\/revisions"}],"predecessor-version":[{"id":666,"href":"https:\/\/www.mecpro.de\/index.php?rest_route=\/wp\/v2\/pages\/96\/revisions\/666"}],"up":[{"embeddable":true,"href":"https:\/\/www.mecpro.de\/index.php?rest_route=\/wp\/v2\/pages\/28"}],"wp:attachment":[{"href":"https:\/\/www.mecpro.de\/index.php?rest_route=%2Fwp%2Fv2%2Fmedia&parent=96"}],"curies":[{"name":"wp","href":"https:\/\/api.w.org\/{rel}","templated":true}]}}